{"id":61296,"date":"2025-02-17T13:09:15","date_gmt":"2025-02-17T13:09:15","guid":{"rendered":"https:\/\/mexpo.pl?post_type=product&#038;p=61296"},"modified":"2025-03-18T08:47:27","modified_gmt":"2025-03-18T08:47:27","slug":"einweg-kopfhorer-sj-1","status":"publish","type":"product","link":"https:\/\/mexpo.eu\/de\/produkt\/einweg-kopfhorer-sj-1\/","title":{"rendered":"Einweg-Kopfh\u00f6rer SJ-1"},"content":{"rendered":"<p>Einweg-Kopfh\u00f6rer SJ-1<br \/>\nHochwertige Einweg-Kopfh\u00f6rer. Laut Vertrag &#8220;f\u00fcr den einmaligen Gebrauch&#8221;. Die Lebensdauer dieser Kopfh\u00f6rer ist k\u00fcrzer als im Falle von teureren Modellen. Das bedeutet jedoch nicht, dass sie von unzureichender Qualit\u00e4t sind. Wir garantieren, dass defekte Modelle max. 2 % der Serie ausmachen.<br \/>\nTECHNISCHE DATEN<br \/>\nLautsprecher: 15\u00a0mm<br \/>\nStecker: 3,5\u00a0mm<br \/>\nKabell\u00e4nge: ca. 100\u00a0cm<br \/>\nTyp: EINZELKOPFH\u00d6RER (f\u00fcr 1 Ohr), In-Ear-Kopfh\u00f6rer<br \/>\nFarbe: lila<\/p>\n","protected":false},"excerpt":{"rendered":"<p>SJ-1 Einwegkopfh\u00f6rer. Hochwertige Einwegkopfh\u00f6rer. TECHNISCHE DATEN \u2013 Lautsprecher: 15 mm, Stecker: 3,5 mm, Kabell\u00e4nge: ca. 100 cm, Typ: EINZEL-Ohrh\u00f6rer (f\u00fcr 1 Ohr), Farbe: lila.<\/p>\n","protected":false},"featured_media":64482,"template":"","meta":{"_acf_changed":false},"product_brand":[],"product_cat":[5994,5996],"product_tag":[],"class_list":{"0":"post-61296","1":"product","2":"type-product","3":"status-publish","4":"has-post-thumbnail","6":"product_cat-hygiene-kopfhoerer-einwegkopfhoerer","7":"product_cat-hygiene-kopfhoerer-einwegkopfhoerer-de","9":"first","10":"instock","11":"taxable","12":"shipping-taxable","13":"purchasable","14":"product-type-variable"},"acf":[],"_links":{"self":[{"href":"https:\/\/mexpo.eu\/de\/wp-json\/wp\/v2\/product\/61296","targetHints":{"allow":["GET"]}}],"collection":[{"href":"https:\/\/mexpo.eu\/de\/wp-json\/wp\/v2\/product"}],"about":[{"href":"https:\/\/mexpo.eu\/de\/wp-json\/wp\/v2\/types\/product"}],"wp:featuredmedia":[{"embeddable":true,"href":"https:\/\/mexpo.eu\/de\/wp-json\/wp\/v2\/media\/64482"}],"wp:attachment":[{"href":"https:\/\/mexpo.eu\/de\/wp-json\/wp\/v2\/media?parent=61296"}],"wp:term":[{"taxonomy":"product_brand","embeddable":true,"href":"https:\/\/mexpo.eu\/de\/wp-json\/wp\/v2\/product_brand?post=61296"},{"taxonomy":"product_cat","embeddable":true,"href":"https:\/\/mexpo.eu\/de\/wp-json\/wp\/v2\/product_cat?post=61296"},{"taxonomy":"product_tag","embeddable":true,"href":"https:\/\/mexpo.eu\/de\/wp-json\/wp\/v2\/product_tag?post=61296"}],"curies":[{"name":"wp","href":"https:\/\/api.w.org\/{rel}","templated":true}]}}