{"id":61295,"date":"2025-02-17T13:09:15","date_gmt":"2025-02-17T12:09:15","guid":{"rendered":"https:\/\/mexpo.pl?post_type=product&#038;p=61295"},"modified":"2026-04-02T14:20:12","modified_gmt":"2026-04-02T12:20:12","slug":"einweg-kopfhorer-sj-2","status":"publish","type":"product","link":"https:\/\/mexpo.eu\/de\/produkt\/einweg-kopfhorer-sj-2\/","title":{"rendered":"Einweg-Kopfh\u00f6rer SJ-2"},"content":{"rendered":"<p><img loading=\"lazy\" decoding=\"async\" class=\"alignnone size-full wp-image-68522\" src=\"https:\/\/mexpo.eu\/wp-content\/uploads\/2025\/02\/ikona-rohs.png\" alt=\"\" width=\"32\" height=\"32\" \/> RoHS-konform \u2013 hergestellt ohne sch\u00e4dliche Substanzen. Ihre Gesundheit und der Schutz unseres Planeten liegen uns am Herzen!<\/p>\n<p>Einweg-Kopfh\u00f6rer SJ-2<br \/>\nWie beim SJ-1 handelt es sich hierbei um hochwertige Einweg-Kopfh\u00f6rer. Laut Vertrag &#8220;f\u00fcr den einmaligen Gebrauch&#8221;. Die Lebensdauer dieser Kopfh\u00f6rer ist k\u00fcrzer als im Falle von teureren Modellen. Das bedeutet jedoch nicht, dass sie von unzureichender Qualit\u00e4t sind. Wir garantieren, dass defekte Modelle max. 2 % der Serie ausmachen. Die SJ-2 zeichnen sich zus\u00e4tzlich durch eine modernere, anatomische Form aus.<br \/>\nTECHNISCHE DATEN<br \/>\nLautsprecher: 15\u00a0mm<br \/>\nStecker: 3,5\u00a0mm<br \/>\nKabell\u00e4nge: ca. 100\u00a0cm<br \/>\nTyp: Einzelkopfh\u00f6rer, In-Ear-Kopfh\u00f6rer, anatomisch (links)<br \/>\nFarbe: wei\u00df *<br \/>\n* Bei einer Bestellung von min. 50.000 St\u00fcck besteht die M\u00f6glichkeit, die Farbe des Kopfh\u00f6rers zu w\u00e4hlen, etwas auf die T\u00fctchen zu drucken oder andere Parameter anzupassen.<\/p>\n","protected":false},"excerpt":{"rendered":"<p>SJ-2 Einwegkopfh\u00f6rer Wie das Modell SJ-1 handelt es sich um hochwertige Einwegkopfh\u00f6rer. TECHNISCHE DATEN \u2013 Lautsprecher: 15 mm, Stecker: 3,5 mm, Kabell\u00e4nge: ca. 100 cm, Typ: Einzelkopfh\u00f6rer, In-Ear, anatomisch (links), Farbe: Wei\u00df.<\/p>\n","protected":false},"featured_media":48520,"template":"","meta":{"_acf_changed":false},"product_brand":[],"product_cat":[5994,5996],"product_tag":[],"class_list":{"0":"post-61295","1":"product","2":"type-product","3":"status-publish","4":"has-post-thumbnail","6":"product_cat-hygiene-kopfhoerer-einwegkopfhoerer","7":"product_cat-hygiene-kopfhoerer-einwegkopfhoerer-de","9":"first","10":"instock","11":"taxable","12":"shipping-taxable","13":"purchasable","14":"product-type-variable"},"acf":[],"_links":{"self":[{"href":"https:\/\/mexpo.eu\/de\/wp-json\/wp\/v2\/product\/61295","targetHints":{"allow":["GET"]}}],"collection":[{"href":"https:\/\/mexpo.eu\/de\/wp-json\/wp\/v2\/product"}],"about":[{"href":"https:\/\/mexpo.eu\/de\/wp-json\/wp\/v2\/types\/product"}],"wp:featuredmedia":[{"embeddable":true,"href":"https:\/\/mexpo.eu\/de\/wp-json\/wp\/v2\/media\/48520"}],"wp:attachment":[{"href":"https:\/\/mexpo.eu\/de\/wp-json\/wp\/v2\/media?parent=61295"}],"wp:term":[{"taxonomy":"product_brand","embeddable":true,"href":"https:\/\/mexpo.eu\/de\/wp-json\/wp\/v2\/product_brand?post=61295"},{"taxonomy":"product_cat","embeddable":true,"href":"https:\/\/mexpo.eu\/de\/wp-json\/wp\/v2\/product_cat?post=61295"},{"taxonomy":"product_tag","embeddable":true,"href":"https:\/\/mexpo.eu\/de\/wp-json\/wp\/v2\/product_tag?post=61295"}],"curies":[{"name":"wp","href":"https:\/\/api.w.org\/{rel}","templated":true}]}}