{"id":61294,"date":"2025-02-17T13:08:52","date_gmt":"2025-02-17T13:08:52","guid":{"rendered":"https:\/\/mexpo.pl?post_type=product&#038;p=61294"},"modified":"2025-02-17T14:47:27","modified_gmt":"2025-02-17T14:47:27","slug":"kopfhorer-em-101-25-stuck","status":"publish","type":"product","link":"https:\/\/mexpo.eu\/de\/produkt\/kopfhorer-em-101-25-stuck\/","title":{"rendered":"Kopfh\u00f6rer EM-101 (25 St\u00fcck)"},"content":{"rendered":"<p>Der EM-101 ist ein wiederverwendbarer On-Ear-Kopfh\u00f6rer mit flexiblem, ausziehbarem B\u00fcgel f\u00fcr ein Ohr. Sehr gute Klangqualit\u00e4t und hohe Widerstandsf\u00e4higkeit.<\/p>\n<p>F\u00fcr die Anwendung werden Einweg-Desinfektionst\u00fccher empfohlen.<\/p>\n","protected":false},"excerpt":{"rendered":"<p>Der Kopfh\u00f6rer EM-101 ist ein wiederverwendbarer Over-Ear-Kopfh\u00f6rer mit einem flexiblen, ziehharmonikaf\u00f6rmigen Anh\u00e4nger f\u00fcr ein Ohr. Sehr gute Klangqualit\u00e4t und lange Haltbarkeit. Kompatibilit\u00e4t Okayo WT-300 G2, Okayo WT-350, mGuide DLR-01, mGuide Pellegrino, mGuide Pellegrino 2.<\/p>\n","protected":false},"featured_media":48116,"template":"","meta":{"_acf_changed":false},"product_brand":[],"product_cat":[5994,5998],"product_tag":[],"class_list":{"0":"post-61294","1":"product","2":"type-product","3":"status-publish","4":"has-post-thumbnail","6":"product_cat-hygiene-kopfhoerer-einwegkopfhoerer","7":"product_cat-mehrwegkopfhoerer","9":"first","10":"instock","11":"taxable","12":"shipping-taxable","13":"purchasable","14":"product-type-simple"},"acf":[],"_links":{"self":[{"href":"https:\/\/mexpo.eu\/de\/wp-json\/wp\/v2\/product\/61294","targetHints":{"allow":["GET"]}}],"collection":[{"href":"https:\/\/mexpo.eu\/de\/wp-json\/wp\/v2\/product"}],"about":[{"href":"https:\/\/mexpo.eu\/de\/wp-json\/wp\/v2\/types\/product"}],"wp:featuredmedia":[{"embeddable":true,"href":"https:\/\/mexpo.eu\/de\/wp-json\/wp\/v2\/media\/48116"}],"wp:attachment":[{"href":"https:\/\/mexpo.eu\/de\/wp-json\/wp\/v2\/media?parent=61294"}],"wp:term":[{"taxonomy":"product_brand","embeddable":true,"href":"https:\/\/mexpo.eu\/de\/wp-json\/wp\/v2\/product_brand?post=61294"},{"taxonomy":"product_cat","embeddable":true,"href":"https:\/\/mexpo.eu\/de\/wp-json\/wp\/v2\/product_cat?post=61294"},{"taxonomy":"product_tag","embeddable":true,"href":"https:\/\/mexpo.eu\/de\/wp-json\/wp\/v2\/product_tag?post=61294"}],"curies":[{"name":"wp","href":"https:\/\/api.w.org\/{rel}","templated":true}]}}