{"id":61291,"date":"2025-02-17T13:08:54","date_gmt":"2025-02-17T13:08:54","guid":{"rendered":"https:\/\/mexpo.pl?post_type=product&#038;p=61291"},"modified":"2025-02-17T14:48:27","modified_gmt":"2025-02-17T14:48:27","slug":"kopfhorer-sh-2-25-stuck","status":"publish","type":"product","link":"https:\/\/mexpo.eu\/de\/produkt\/kopfhorer-sh-2-25-stuck\/","title":{"rendered":"Kopfh\u00f6rer SH-2 (25 St\u00fcck)"},"content":{"rendered":"<p>SH-2<br \/>\nWiederverwendbarer On-Ear-Kopfh\u00f6rer (f\u00fcr 1 Ohr &#8211; rechts oder links) mit Kunststoffb\u00fcgel zum Aufh\u00e4ngen \u00fcber dem Ohr mit auswechselbarem, hygienischem Schaumstoff<br \/>\nEiner der bequemsten Kopfh\u00f6rer auf dem Markt.<br \/>\nHervorragende Klangqualit\u00e4t und un\u00fcbertroffener Bedienkomfort.<\/p>\n<p>Wir empfehlen den Kauf von Hygieneabdeckungen f\u00fcr SH-2 Kopfh\u00f6rer auf Vorrat (1.000 St.).<\/p>\n","protected":false},"excerpt":{"rendered":"<p>SH-2 Wiederverwendbare On-Ear-Kopfh\u00f6rer (f\u00fcr 1 Ohr \u2013 rechts oder links). Einer der komfortabelsten Kopfh\u00f6rer auf dem Markt. Hervorragende Klangqualit\u00e4t und un\u00fcbertroffener Bedienkomfort. Kompatibilit\u00e4t Okayo WT-300 G2, Okayo WT-350, mGuide DLR-01, mGuide Pellegrino, mGuide Pellegrino 2.<\/p>\n","protected":false},"featured_media":48419,"template":"","meta":{"_acf_changed":false},"product_brand":[],"product_cat":[5994,5998],"product_tag":[],"class_list":{"0":"post-61291","1":"product","2":"type-product","3":"status-publish","4":"has-post-thumbnail","6":"product_cat-hygiene-kopfhoerer-einwegkopfhoerer","7":"product_cat-mehrwegkopfhoerer","9":"first","10":"instock","11":"taxable","12":"shipping-taxable","13":"purchasable","14":"product-type-simple"},"acf":[],"_links":{"self":[{"href":"https:\/\/mexpo.eu\/de\/wp-json\/wp\/v2\/product\/61291","targetHints":{"allow":["GET"]}}],"collection":[{"href":"https:\/\/mexpo.eu\/de\/wp-json\/wp\/v2\/product"}],"about":[{"href":"https:\/\/mexpo.eu\/de\/wp-json\/wp\/v2\/types\/product"}],"wp:featuredmedia":[{"embeddable":true,"href":"https:\/\/mexpo.eu\/de\/wp-json\/wp\/v2\/media\/48419"}],"wp:attachment":[{"href":"https:\/\/mexpo.eu\/de\/wp-json\/wp\/v2\/media?parent=61291"}],"wp:term":[{"taxonomy":"product_brand","embeddable":true,"href":"https:\/\/mexpo.eu\/de\/wp-json\/wp\/v2\/product_brand?post=61291"},{"taxonomy":"product_cat","embeddable":true,"href":"https:\/\/mexpo.eu\/de\/wp-json\/wp\/v2\/product_cat?post=61291"},{"taxonomy":"product_tag","embeddable":true,"href":"https:\/\/mexpo.eu\/de\/wp-json\/wp\/v2\/product_tag?post=61291"}],"curies":[{"name":"wp","href":"https:\/\/api.w.org\/{rel}","templated":true}]}}