{"id":61290,"date":"2025-02-17T13:08:53","date_gmt":"2025-02-17T13:08:53","guid":{"rendered":"https:\/\/mexpo.pl?post_type=product&#038;p=61290"},"modified":"2026-01-30T12:10:53","modified_gmt":"2026-01-30T11:10:53","slug":"einweg-taschentuch-50-stuck","status":"publish","type":"product","link":"https:\/\/mexpo.eu\/de\/produkt\/einweg-taschentuch-50-stuck\/","title":{"rendered":"Einwegt\u00fccher zur Desinfektion von Kopfh\u00f6rern und Empf\u00e4ngern"},"content":{"rendered":"<p>Achten Sie auf die Hygiene der Tourguide-Ger\u00e4te!<\/p>\n<p>H\u00e4ufig verwendete Kopfh\u00f6rer oder Empf\u00e4nger k\u00f6nnen Lebensraum f\u00fcr viele Bakterien, Pilze und sogar Viren oder Parasiten sein.<br \/>\nAchten Sie auf die Hygiene der Tourguide-Ger\u00e4te und die Sicherheit der Touristen, indem Sie entsprechende Ma\u00dfnahmen anwenden.<\/p>\n<p><strong>2 Gr\u00fcnde, warum wiederverwendbare Kopfh\u00f6rer desinfiziert werden sollten:<\/strong><\/p>\n<ol>\n<li>W\u00e4hrend der Anwendung werden die Kopfh\u00f6rer zur Heimat von Millionen von Bakterien und abgestorbener Haut, die zu H\u00f6r- und Hautkrankheiten f\u00fchren k\u00f6nnen.<\/li>\n<li>Verunreinigungen k\u00f6nnen zum Verstopfen der Kopfh\u00f6rer-Lautsprecher f\u00fchren.<\/li>\n<\/ol>\n","protected":false},"excerpt":{"rendered":"<p>T\u00fccher zur Reinigung und Desinfektion von Kopfh\u00f6rern und Receivern. Hygiene der Reiseleiterausr\u00fcstung.<\/p>\n","protected":false},"featured_media":68506,"template":"","meta":{"_acf_changed":false},"product_brand":[],"product_cat":[5924],"product_tag":[],"class_list":{"0":"post-61290","1":"product","2":"type-product","3":"status-publish","4":"has-post-thumbnail","6":"product_cat-hygiene-de","8":"first","9":"outofstock","10":"taxable","11":"shipping-taxable","12":"purchasable","13":"product-type-variable"},"acf":[],"_links":{"self":[{"href":"https:\/\/mexpo.eu\/de\/wp-json\/wp\/v2\/product\/61290","targetHints":{"allow":["GET"]}}],"collection":[{"href":"https:\/\/mexpo.eu\/de\/wp-json\/wp\/v2\/product"}],"about":[{"href":"https:\/\/mexpo.eu\/de\/wp-json\/wp\/v2\/types\/product"}],"wp:featuredmedia":[{"embeddable":true,"href":"https:\/\/mexpo.eu\/de\/wp-json\/wp\/v2\/media\/68506"}],"wp:attachment":[{"href":"https:\/\/mexpo.eu\/de\/wp-json\/wp\/v2\/media?parent=61290"}],"wp:term":[{"taxonomy":"product_brand","embeddable":true,"href":"https:\/\/mexpo.eu\/de\/wp-json\/wp\/v2\/product_brand?post=61290"},{"taxonomy":"product_cat","embeddable":true,"href":"https:\/\/mexpo.eu\/de\/wp-json\/wp\/v2\/product_cat?post=61290"},{"taxonomy":"product_tag","embeddable":true,"href":"https:\/\/mexpo.eu\/de\/wp-json\/wp\/v2\/product_tag?post=61290"}],"curies":[{"name":"wp","href":"https:\/\/api.w.org\/{rel}","templated":true}]}}