{"id":61288,"date":"2025-02-17T13:08:54","date_gmt":"2025-02-17T13:08:54","guid":{"rendered":"https:\/\/mexpo.pl?post_type=product&#038;p=61288"},"modified":"2025-02-17T14:48:22","modified_gmt":"2025-02-17T14:48:22","slug":"hygieneabdeckungen-fur-kopfhorer-mi-55-cm-1000-stuck","status":"publish","type":"product","link":"https:\/\/mexpo.eu\/de\/produkt\/hygieneabdeckungen-fur-kopfhorer-mi-55-cm-1000-stuck\/","title":{"rendered":"Hygieneabdeckungen f\u00fcr Kopfh\u00f6rer, mi. 5,5 cm (1000 St\u00fcck)"},"content":{"rendered":"<p>Durchmesser 5,5 cm.<br \/>\nHergestellt aus faserfreiem Material, das keine Reizung und kein Schwitzen des Ohrs verursacht. Einfach anzubringen und vom Kopfh\u00f6rer abzunehmen.<br \/>\nEin hygienisches Einwegprodukt.<br \/>\nDie g\u00fcnstigste Form der Hygienegarantie beim Gebrauch von Kopfh\u00f6rern.<br \/>\n<strong>Derzeit nur in Rot verf\u00fcgbar!<\/strong><\/p>\n","protected":false},"excerpt":{"rendered":"<p>Hergestellt aus einem speziellen faserfreien Material, das keine Ohrenreizungen oder Schwei\u00dfbildung verursacht. Einfaches Anbringen und Entfernen vom Mobilteil. Einweg-Hygieneprodukt. Der g\u00fcnstigste Weg, um bei der Verwendung von Kopfh\u00f6rern auf Hygiene zu achten.<\/p>\n","protected":false},"featured_media":48401,"template":"","meta":{"_acf_changed":false},"product_brand":[],"product_cat":[5924,5998],"product_tag":[],"class_list":{"0":"post-61288","1":"product","2":"type-product","3":"status-publish","4":"has-post-thumbnail","6":"product_cat-hygiene-de","7":"product_cat-mehrwegkopfhoerer","9":"first","10":"instock","11":"taxable","12":"shipping-taxable","13":"purchasable","14":"product-type-simple"},"acf":[],"_links":{"self":[{"href":"https:\/\/mexpo.eu\/de\/wp-json\/wp\/v2\/product\/61288","targetHints":{"allow":["GET"]}}],"collection":[{"href":"https:\/\/mexpo.eu\/de\/wp-json\/wp\/v2\/product"}],"about":[{"href":"https:\/\/mexpo.eu\/de\/wp-json\/wp\/v2\/types\/product"}],"wp:featuredmedia":[{"embeddable":true,"href":"https:\/\/mexpo.eu\/de\/wp-json\/wp\/v2\/media\/48401"}],"wp:attachment":[{"href":"https:\/\/mexpo.eu\/de\/wp-json\/wp\/v2\/media?parent=61288"}],"wp:term":[{"taxonomy":"product_brand","embeddable":true,"href":"https:\/\/mexpo.eu\/de\/wp-json\/wp\/v2\/product_brand?post=61288"},{"taxonomy":"product_cat","embeddable":true,"href":"https:\/\/mexpo.eu\/de\/wp-json\/wp\/v2\/product_cat?post=61288"},{"taxonomy":"product_tag","embeddable":true,"href":"https:\/\/mexpo.eu\/de\/wp-json\/wp\/v2\/product_tag?post=61288"}],"curies":[{"name":"wp","href":"https:\/\/api.w.org\/{rel}","templated":true}]}}