{"id":69112,"date":"2025-10-27T10:56:49","date_gmt":"2025-10-27T09:56:49","guid":{"rendered":"https:\/\/mexpo.eu\/ueber-uns\/"},"modified":"2026-05-05T11:21:40","modified_gmt":"2026-05-05T09:21:40","slug":"ueber-uns","status":"publish","type":"page","link":"https:\/\/mexpo.eu\/de\/ueber-uns\/","title":{"rendered":"\u00dcber uns"},"content":{"rendered":"<div class=\"wpb-content-wrapper\"><p>[vc_section][vc_row full_width=&#8221;stretch_row&#8221; css=&#8221;.vc_custom_1761215406005{margin-top: 30px !important;margin-bottom: 50px !important;padding-top: 30px !important;padding-bottom: 50px !important;}&#8221;][vc_column][vc_custom_heading text=&#8221;Wer sind wir?&#8221; font_container=&#8221;tag:h2|font_size:35|text_align:center|color:%233F3F3F&#8221; google_fonts=&#8221;font_family:Open%20Sans%3A300%2C300italic%2Cregular%2Citalic%2C600%2C600italic%2C700%2C700italic%2C800%2C800italic|font_style:700%20bold%20regular%3A700%3Anormal&#8221; css=&#8221;.vc_custom_1761210000177{padding-bottom: 20px !important;}&#8221;][vc_custom_heading text=&#8221;Als Pionier im Bereich der Reiseleitersysteme und erstes Unternehmen, das den gesamten Tourismussektor bediente, setzt MEXPO seit Jahren Ma\u00dfst\u00e4be in Europa. Wir f\u00fchrten den legend\u00e4ren roten WT-300-Empf\u00e4nger ein, der noch heute von Tausenden von Reiseb\u00fcros und Reiseleitern genutzt wird, darunter auch unser gesch\u00e4tzter Kunde Rainbow Tours. Wir sind stolzer Platin-Partner von Okayo Electronics, Vertreter von Linkx Electronics und Maytel und entwickeln aktiv unsere eigene Marke mGuide.&#8221; font_container=&#8221;tag:h2|font_size:18|text_align:center|color:%233F3F3F|line_height:2&#8243; google_fonts=&#8221;font_family:Open%20Sans%3A300%2C300italic%2Cregular%2Citalic%2C600%2C600italic%2C700%2C700italic%2C800%2C800italic|font_style:400%20regular%3A400%3Anormal&#8221; css=&#8221;&#8221;][\/vc_column][\/vc_row][vc_row css=&#8221;.vc_custom_1761215363945{padding-bottom: 50px !important;}&#8221;][vc_column][vc_row_inner][vc_column_inner width=&#8221;1\/3&#8243;][vc_single_image image=&#8221;69098&#8243; alignment=&#8221;center&#8221; css=&#8221;&#8221;][vc_custom_heading text=&#8221;Zuverl\u00e4ssiger Lieferant&#8221; font_container=&#8221;tag:h2|font_size:20|text_align:center|color:%233F3F3F&#8221; google_fonts=&#8221;font_family:Open%20Sans%3A300%2C300italic%2Cregular%2Citalic%2C600%2C600italic%2C700%2C700italic%2C800%2C800italic|font_style:600%20bold%20regular%3A600%3Anormal&#8221; css=&#8221;&#8221;][vc_custom_heading text=&#8221;Als Marktf\u00fchrer setzen wir seit Jahren Ma\u00dfst\u00e4be f\u00fcr Qualit\u00e4t und Zuverl\u00e4ssigkeit, was durch Tausende zufriedener Reiseb\u00fcros und Reiseleiter best\u00e4tigt wird.&#8221; font_container=&#8221;tag:h2|font_size:15|text_align:center|color:%233F3F3F&#8221; google_fonts=&#8221;font_family:Open%20Sans%3A300%2C300italic%2Cregular%2Citalic%2C600%2C600italic%2C700%2C700italic%2C800%2C800italic|font_style:400%20regular%3A400%3Anormal&#8221; css=&#8221;.vc_custom_1761211519509{padding-bottom: 20px !important;}&#8221;][\/vc_column_inner][vc_column_inner width=&#8221;1\/3&#8243;][vc_single_image image=&#8221;69099&#8243; alignment=&#8221;center&#8221; css=&#8221;&#8221;][vc_custom_heading text=&#8221;\u00f6kologisch verantwortungsbewusst&#8221; font_container=&#8221;tag:h2|font_size:20|text_align:center|color:%233F3F3F&#8221; google_fonts=&#8221;font_family:Open%20Sans%3A300%2C300italic%2Cregular%2Citalic%2C600%2C600italic%2C700%2C700italic%2C800%2C800italic|font_style:600%20bold%20regular%3A600%3Anormal&#8221; css=&#8221;&#8221;][vc_custom_heading text=&#8221;Wir setzen aktiv umweltfreundliche L\u00f6sungen um, um eine nachhaltige Entwicklung im Tourismussektor zu f\u00f6rdern und unseren kollektiven \u00f6kologischen Fu\u00dfabdruck zu minimieren.&#8221; font_container=&#8221;tag:h2|font_size:15|text_align:center|color:%233F3F3F&#8221; google_fonts=&#8221;font_family:Open%20Sans%3A300%2C300italic%2Cregular%2Citalic%2C600%2C600italic%2C700%2C700italic%2C800%2C800italic|font_style:400%20regular%3A400%3Anormal&#8221; css=&#8221;.vc_custom_1761211474281{padding-bottom: 20px !important;}&#8221;][\/vc_column_inner][vc_column_inner width=&#8221;1\/3&#8243;][vc_single_image image=&#8221;69100&#8243; alignment=&#8221;center&#8221; css=&#8221;&#8221;][vc_custom_heading text=&#8221;Wir unterst\u00fctzen Sie in jeder Phase&#8221; font_container=&#8221;tag:h2|font_size:20|text_align:center|color:%233F3F3F&#8221; google_fonts=&#8221;font_family:Open%20Sans%3A300%2C300italic%2Cregular%2Citalic%2C600%2C600italic%2C700%2C700italic%2C800%2C800italic|font_style:600%20bold%20regular%3A600%3Anormal&#8221; css=&#8221;&#8221;][vc_custom_heading text=&#8221;Wir unterst\u00fctzen unsere Kunden in jeder Phase \u2013 von der professionellen Beratung bei der Ger\u00e4teauswahl bis hin zur umfassenden Kundenbetreuung und dem technischen Support.&#8221; font_container=&#8221;tag:h2|font_size:15|text_align:center|color:%233F3F3F&#8221; google_fonts=&#8221;font_family:Open%20Sans%3A300%2C300italic%2Cregular%2Citalic%2C600%2C600italic%2C700%2C700italic%2C800%2C800italic|font_style:400%20regular%3A400%3Anormal&#8221; css=&#8221;.vc_custom_1761211599425{padding-bottom: 20px !important;}&#8221;][\/vc_column_inner][\/vc_row_inner][\/vc_column][\/vc_row][vc_row full_width=&#8221;stretch_row&#8221; content_placement=&#8221;middle&#8221; css=&#8221;.vc_custom_1761213548439{background-color: #E8F0F3 !important;}&#8221;][vc_column width=&#8221;1\/2&#8243;][vc_custom_heading text=&#8221;F\u00fchrungskr\u00e4fte der digitalen Transformation&#8221; font_container=&#8221;tag:h2|font_size:35|text_align:center|color:%233F3F3F&#8221; google_fonts=&#8221;font_family:Open%20Sans%3A300%2C300italic%2Cregular%2Citalic%2C600%2C600italic%2C700%2C700italic%2C800%2C800italic|font_style:700%20bold%20regular%3A700%3Anormal&#8221; css=&#8221;&#8221;][vc_custom_heading text=&#8221;Gemeinsam mit unseren bew\u00e4hrten Partnern und dank der dynamischen Entwicklung unserer eigenen Marke \u2013 mGuide \u2013 setzen wir konsequent eine digitale Transformation im gesamten Angebot an Reiseleitermodellen um.&#8221; font_container=&#8221;tag:h2|font_size:17|text_align:center|color:%233F3F3F|line_height:2&#8243; google_fonts=&#8221;font_family:Open%20Sans%3A300%2C300italic%2Cregular%2Citalic%2C600%2C600italic%2C700%2C700italic%2C800%2C800italic|font_style:400%20regular%3A400%3Anormal&#8221; css=&#8221;.vc_custom_1761213351494{padding-top: 30px !important;padding-bottom: 20px !important;}&#8221;][vc_custom_heading text=&#8221;Dank dieser Entwicklung werden die Funkb\u00e4nder optimaler genutzt, wodurch die \u201e\u00dcberlastung\u201c reduziert wird und mehr Touristengruppen gleichzeitig und nahtlos auf kleinerem Raum arbeiten k\u00f6nnen, was dem gesamten Markt sp\u00fcrbare Effizienzvorteile bringt.&#8221; font_container=&#8221;tag:h2|font_size:17|text_align:center|color:%233F3F3F|line_height:2&#8243; google_fonts=&#8221;font_family:Open%20Sans%3A300%2C300italic%2Cregular%2Citalic%2C600%2C600italic%2C700%2C700italic%2C800%2C800italic|font_style:400%20regular%3A400%3Anormal&#8221; css=&#8221;.vc_custom_1761213216611{padding-bottom: 20px !important;}&#8221;][\/vc_column][vc_column width=&#8221;1\/2&#8243;][vc_single_image image=&#8221;69101&#8243; img_size=&#8221;medium&#8221; alignment=&#8221;center&#8221; css_animation=&#8221;bounceInDown&#8221; css=&#8221;&#8221;][\/vc_column][\/vc_row][vc_row][vc_column][vc_custom_heading text=&#8221;Gr\u00f6\u00dftes Anwendungsspektrum und vielseitigste Einsatzm\u00f6glichkeiten&#8221; font_container=&#8221;tag:h2|font_size:35|text_align:center|color:%233F3F3F&#8221; google_fonts=&#8221;font_family:Open%20Sans%3A300%2C300italic%2Cregular%2Citalic%2C600%2C600italic%2C700%2C700italic%2C800%2C800italic|font_style:700%20bold%20regular%3A700%3Anormal&#8221; css=&#8221;&#8221;][vc_custom_heading text=&#8221;Wir bieten die gr\u00f6\u00dfte Auswahl an verf\u00fcgbaren Tourguide-Modellen, die sich in unterschiedlichsten Anwendungsbereichen bew\u00e4hrt haben. Unsere Systeme werden sowohl von einzelnen Guides als auch von gro\u00dfen Museen in Polen und weltweit genutzt, beispielsweise vom Staatlichen Museum Auschwitz-Birkenau in O\u015bwi\u0119cim.&#8221; font_container=&#8221;tag:h2|font_size:17|text_align:center|color:%233F3F3F|line_height:2&#8243; google_fonts=&#8221;font_family:Open%20Sans%3A300%2C300italic%2Cregular%2Citalic%2C600%2C600italic%2C700%2C700italic%2C800%2C800italic|font_style:400%20regular%3A400%3Anormal&#8221; css=&#8221;.vc_custom_1761554535579{padding-top: 30px !important;padding-bottom: 20px !important;}&#8221;][\/vc_column][\/vc_row][vc_row css_animation=&#8221;fadeIn&#8221;][vc_column width=&#8221;1\/6&#8243;][vc_single_image image=&#8221;69102&#8243; img_size=&#8221;300&#215;500&#8243; style=&#8221;vc_box_shadow_3d&#8221; css=&#8221;&#8221;][vc_custom_heading text=&#8221;Sport&#8221; font_container=&#8221;tag:h2|font_size:20|text_align:center|color:%233F3F3F&#8221; google_fonts=&#8221;font_family:Open%20Sans%3A300%2C300italic%2Cregular%2Citalic%2C600%2C600italic%2C700%2C700italic%2C800%2C800italic|font_style:600%20bold%20regular%3A600%3Anormal&#8221; css=&#8221;&#8221;][vc_custom_heading text=&#8221;f\u00fcr Richter, f\u00fcr Reit-, Rad- oder Schwimmunterricht&#8221; font_container=&#8221;tag:h2|font_size:15|text_align:center|color:%233F3F3F&#8221; google_fonts=&#8221;font_family:Open%20Sans%3A300%2C300italic%2Cregular%2Citalic%2C600%2C600italic%2C700%2C700italic%2C800%2C800italic|font_style:400%20regular%3A400%3Anormal&#8221; css=&#8221;.vc_custom_1761553813243{padding-bottom: 20px !important;}&#8221;][\/vc_column][vc_column width=&#8221;1\/6&#8243;][vc_single_image image=&#8221;69103&#8243; img_size=&#8221;300&#215;500&#8243; style=&#8221;vc_box_shadow_3d&#8221; css=&#8221;&#8221;][vc_custom_heading text=&#8221;\u00dcbersetzungen&#8221; font_container=&#8221;tag:h2|font_size:20|text_align:center|color:%233F3F3F&#8221; google_fonts=&#8221;font_family:Open%20Sans%3A300%2C300italic%2Cregular%2Citalic%2C600%2C600italic%2C700%2C700italic%2C800%2C800italic|font_style:600%20bold%20regular%3A600%3Anormal&#8221; css=&#8221;&#8221;][vc_custom_heading text=&#8221;auf Messen und Gesch\u00e4ftstreffen&#8221; font_container=&#8221;tag:h2|font_size:15|text_align:center|color:%233F3F3F&#8221; google_fonts=&#8221;font_family:Open%20Sans%3A300%2C300italic%2Cregular%2Citalic%2C600%2C600italic%2C700%2C700italic%2C800%2C800italic|font_style:400%20regular%3A400%3Anormal&#8221; css=&#8221;.vc_custom_1761554014653{padding-bottom: 20px !important;}&#8221;][\/vc_column][vc_column width=&#8221;1\/6&#8243;][vc_single_image image=&#8221;69104&#8243; img_size=&#8221;300&#215;500&#8243; style=&#8221;vc_box_shadow_3d&#8221; css=&#8221;&#8221;][vc_custom_heading text=&#8221;Industrie&#8221; font_container=&#8221;tag:h2|font_size:20|text_align:center|color:%233F3F3F&#8221; google_fonts=&#8221;font_family:Open%20Sans%3A300%2C300italic%2Cregular%2Citalic%2C600%2C600italic%2C700%2C700italic%2C800%2C800italic|font_style:600%20bold%20regular%3A600%3Anormal&#8221; css=&#8221;&#8221;][vc_custom_heading text=&#8221;Gef\u00fchrte Touren durch Fabriken und Lagerhallen, auch bei hohem L\u00e4rmpegel und mit Helmen.&#8221; font_container=&#8221;tag:h2|font_size:15|text_align:center|color:%233F3F3F&#8221; google_fonts=&#8221;font_family:Open%20Sans%3A300%2C300italic%2Cregular%2Citalic%2C600%2C600italic%2C700%2C700italic%2C800%2C800italic|font_style:400%20regular%3A400%3Anormal&#8221; css=&#8221;.vc_custom_1761553871604{padding-bottom: 20px !important;}&#8221;][\/vc_column][vc_column width=&#8221;1\/6&#8243;][vc_single_image image=&#8221;69105&#8243; img_size=&#8221;300&#215;500&#8243; style=&#8221;vc_box_shadow_3d&#8221; css=&#8221;&#8221;][vc_custom_heading text=&#8221;Audiobeschreibung&#8221; font_container=&#8221;tag:h2|font_size:20|text_align:center|color:%233F3F3F&#8221; google_fonts=&#8221;font_family:Open%20Sans%3A300%2C300italic%2Cregular%2Citalic%2C600%2C600italic%2C700%2C700italic%2C800%2C800italic|font_style:600%20bold%20regular%3A600%3Anormal&#8221; css=&#8221;&#8221;][vc_custom_heading text=&#8221;in Kinos, Theatern, Stadien&#8221; font_container=&#8221;tag:h2|font_size:15|text_align:center|color:%233F3F3F&#8221; google_fonts=&#8221;font_family:Open%20Sans%3A300%2C300italic%2Cregular%2Citalic%2C600%2C600italic%2C700%2C700italic%2C800%2C800italic|font_style:400%20regular%3A400%3Anormal&#8221; css=&#8221;.vc_custom_1761554053805{padding-bottom: 20px !important;}&#8221;][\/vc_column][vc_column width=&#8221;1\/6&#8243;][vc_single_image image=&#8221;69106&#8243; img_size=&#8221;300&#215;500&#8243; style=&#8221;vc_box_shadow_3d&#8221; css=&#8221;&#8221;][vc_custom_heading text=&#8221;Tourismus&#8221; font_container=&#8221;tag:h2|font_size:20|text_align:center|color:%233F3F3F&#8221; google_fonts=&#8221;font_family:Open%20Sans%3A300%2C300italic%2Cregular%2Citalic%2C600%2C600italic%2C700%2C700italic%2C800%2C800italic|font_style:600%20bold%20regular%3A600%3Anormal&#8221; css=&#8221;&#8221;][vc_custom_heading text=&#8221;von einzelnen Reisef\u00fchrern bis hin zu gro\u00dfen Reiseveranstaltern&#8221; font_container=&#8221;tag:h2|font_size:15|text_align:center|color:%233F3F3F&#8221; google_fonts=&#8221;font_family:Open%20Sans%3A300%2C300italic%2Cregular%2Citalic%2C600%2C600italic%2C700%2C700italic%2C800%2C800italic|font_style:400%20regular%3A400%3Anormal&#8221; css=&#8221;.vc_custom_1761554043921{padding-bottom: 20px !important;}&#8221;][\/vc_column][vc_column width=&#8221;1\/6&#8243;][vc_single_image image=&#8221;69107&#8243; img_size=&#8221;300&#215;500&#8243; style=&#8221;vc_box_shadow_3d&#8221; css=&#8221;&#8221;][vc_custom_heading text=&#8221;Ausbildung und Gesch\u00e4ft&#8221; font_container=&#8221;tag:h2|font_size:20|text_align:center|color:%233F3F3F&#8221; google_fonts=&#8221;font_family:Open%20Sans%3A300%2C300italic%2Cregular%2Citalic%2C600%2C600italic%2C700%2C700italic%2C800%2C800italic|font_style:600%20bold%20regular%3A600%3Anormal&#8221; css=&#8221;&#8221;][vc_custom_heading text=&#8221;auf Konferenzen, Messen und Vortr\u00e4gen&#8221; font_container=&#8221;tag:h2|font_size:15|text_align:center|color:%233F3F3F&#8221; google_fonts=&#8221;font_family:Open%20Sans%3A300%2C300italic%2Cregular%2Citalic%2C600%2C600italic%2C700%2C700italic%2C800%2C800italic|font_style:400%20regular%3A400%3Anormal&#8221; css=&#8221;.vc_custom_1761553979314{padding-bottom: 20px !important;}&#8221;][\/vc_column][\/vc_row][vc_row full_width=&#8221;stretch_row&#8221; content_placement=&#8221;middle&#8221; css=&#8221;.vc_custom_1761559055223{background-color: #E8F0F3 !important;}&#8221;][vc_column width=&#8221;1\/2&#8243;][vc_single_image image=&#8221;69108&#8243; img_size=&#8221;medium&#8221; alignment=&#8221;center&#8221; css_animation=&#8221;bounceInDown&#8221; css=&#8221;&#8221;][\/vc_column][vc_column width=&#8221;1\/2&#8243;][vc_custom_heading text=&#8221;Qualit\u00e4tsgarantie und professioneller Support&#8221; font_container=&#8221;tag:h2|font_size:35|text_align:center|color:%233F3F3F&#8221; google_fonts=&#8221;font_family:Open%20Sans%3A300%2C300italic%2Cregular%2Citalic%2C600%2C600italic%2C700%2C700italic%2C800%2C800italic|font_style:700%20bold%20regular%3A700%3Anormal&#8221; css=&#8221;&#8221;][vc_custom_heading text=&#8221;Bevor ein Modell in unser Angebot aufgenommen wird, durchl\u00e4uft es intensive Tests \u2013 sowohl w\u00e4hrend der Produktion bei unseren Partnern als auch in unserer internen Qualit\u00e4tskontrolle. Deshalb lehnen wir jedes Jahr die \u00fcberwiegende Mehrheit der uns von anderen Herstellern vorgelegten Vorschl\u00e4ge ab.&#8221; font_container=&#8221;tag:h2|font_size:17|text_align:center|color:%233F3F3F|line_height:2&#8243; google_fonts=&#8221;font_family:Open%20Sans%3A300%2C300italic%2Cregular%2Citalic%2C600%2C600italic%2C700%2C700italic%2C800%2C800italic|font_style:400%20regular%3A400%3Anormal&#8221; css=&#8221;.vc_custom_1761558694691{padding-top: 30px !important;padding-bottom: 20px !important;}&#8221;][vc_custom_heading text=&#8221;Um Ihnen die Entscheidung zu erleichtern, bieten wir Mietger\u00e4te f\u00fcr Vergleichstests an. Wir m\u00f6chten, dass unsere Kunden bestens informiert kaufen und unterst\u00fctzen sie daher stets bei der Auswahl des Modells, das perfekt zu ihren individuellen Bed\u00fcrfnissen passt.&#8221; font_container=&#8221;tag:h2|font_size:17|text_align:center|color:%233F3F3F|line_height:2&#8243; google_fonts=&#8221;font_family:Open%20Sans%3A300%2C300italic%2Cregular%2Citalic%2C600%2C600italic%2C700%2C700italic%2C800%2C800italic|font_style:400%20regular%3A400%3Anormal&#8221; css=&#8221;.vc_custom_1761558785432{padding-bottom: 20px !important;}&#8221;][\/vc_column][\/vc_row][vc_row full_width=&#8221;stretch_row&#8221; css=&#8221;.vc_custom_1761559076559{margin-bottom: 20px !important;padding-bottom: 20px !important;}&#8221;][vc_column][vc_custom_heading text=&#8221;Unsere Erfolge&#8221; font_container=&#8221;tag:h2|font_size:35|text_align:center|color:%233F3F3F&#8221; google_fonts=&#8221;font_family:Open%20Sans%3A300%2C300italic%2Cregular%2Citalic%2C600%2C600italic%2C700%2C700italic%2C800%2C800italic|font_style:700%20bold%20regular%3A700%3Anormal&#8221; css=&#8221;&#8221;][\/vc_column][\/vc_row][vc_row full_width=&#8221;stretch_row&#8221; content_placement=&#8221;middle&#8221; css_animation=&#8221;zoomIn&#8221;][vc_column width=&#8221;1\/3&#8243;][vc_single_image image=&#8221;69109&#8243; img_size=&#8221;400&#215;400&#8243; alignment=&#8221;center&#8221; css=&#8221;&#8221;][vc_custom_heading text=&#8221;2023&#8243; font_container=&#8221;tag:h2|font_size:20|text_align:center|color:%233F3F3F&#8221; google_fonts=&#8221;font_family:Open%20Sans%3A300%2C300italic%2Cregular%2Citalic%2C600%2C600italic%2C700%2C700italic%2C800%2C800italic|font_style:600%20bold%20regular%3A600%3Anormal&#8221; css=&#8221;&#8221;][vc_custom_heading text=&#8221;Okayo Electronics Gold-Partner&#8221; font_container=&#8221;tag:h2|font_size:15|text_align:center|color:%233F3F3F&#8221; google_fonts=&#8221;font_family:Open%20Sans%3A300%2C300italic%2Cregular%2Citalic%2C600%2C600italic%2C700%2C700italic%2C800%2C800italic|font_style:400%20regular%3A400%3Anormal&#8221; css=&#8221;.vc_custom_1761557085953{padding-bottom: 20px !important;}&#8221;][\/vc_column][vc_column width=&#8221;1\/3&#8243;][vc_single_image image=&#8221;69110&#8243; img_size=&#8221;400&#215;400&#8243; alignment=&#8221;center&#8221; css=&#8221;&#8221;][vc_custom_heading text=&#8221;2024&#8243; font_container=&#8221;tag:h2|font_size:20|text_align:center|color:%233F3F3F&#8221; google_fonts=&#8221;font_family:Open%20Sans%3A300%2C300italic%2Cregular%2Citalic%2C600%2C600italic%2C700%2C700italic%2C800%2C800italic|font_style:600%20bold%20regular%3A600%3Anormal&#8221; css=&#8221;&#8221;][vc_custom_heading text=&#8221;Okayo Electronics Platinum-Partner&#8221; font_container=&#8221;tag:h2|font_size:15|text_align:center|color:%233F3F3F&#8221; google_fonts=&#8221;font_family:Open%20Sans%3A300%2C300italic%2Cregular%2Citalic%2C600%2C600italic%2C700%2C700italic%2C800%2C800italic|font_style:400%20regular%3A400%3Anormal&#8221; css=&#8221;.vc_custom_1761557073752{padding-bottom: 20px !important;}&#8221;][\/vc_column][vc_column width=&#8221;1\/3&#8243;][vc_single_image image=&#8221;69111&#8243; img_size=&#8221;400&#215;400&#8243; alignment=&#8221;center&#8221; css=&#8221;&#8221;][vc_custom_heading text=&#8221;2025&#8243; font_container=&#8221;tag:h2|font_size:20|text_align:center|color:%233F3F3F&#8221; google_fonts=&#8221;font_family:Open%20Sans%3A300%2C300italic%2Cregular%2Citalic%2C600%2C600italic%2C700%2C700italic%2C800%2C800italic|font_style:600%20bold%20regular%3A600%3Anormal&#8221; css=&#8221;&#8221;][vc_custom_heading text=&#8221;Okayo Electronics Diamond Partner&#8221; font_container=&#8221;tag:h2|font_size:15|text_align:center|color:%233F3F3F&#8221; google_fonts=&#8221;font_family:Open%20Sans%3A300%2C300italic%2Cregular%2Citalic%2C600%2C600italic%2C700%2C700italic%2C800%2C800italic|font_style:400%20regular%3A400%3Anormal&#8221; css=&#8221;.vc_custom_1777025944749{padding-bottom: 20px !important;}&#8221;][\/vc_column][\/vc_row][\/vc_section]<\/p>\n<\/div>","protected":false},"excerpt":{"rendered":"<p>[vc_section][vc_row full_width=&#8221;stretch_row&#8221; css=&#8221;.vc_custom_1761215406005{margin-top: 30px !important;margin-bottom: 50px !important;padding-top: 30px !important;padding-bottom: 50px !important;}&#8221;][vc_column][vc_custom_heading text=&#8221;Wer sind wir?&#8221; font_container=&#8221;tag:h2|font_size:35|text_align:center|color:%233F3F3F&#8221; google_fonts=&#8221;font_family:Open%20Sans%3A300%2C300italic%2Cregular%2Citalic%2C600%2C600italic%2C700%2C700italic%2C800%2C800italic|font_style:700%20bold%20regular%3A700%3Anormal&#8221; css=&#8221;.vc_custom_1761210000177{padding-bottom: 20px !important;}&#8221;][vc_custom_heading text=&#8221;Als Pionier im Bereich der Reiseleitersysteme und erstes Unternehmen, das den<\/p>\n","protected":false},"author":353,"featured_media":0,"parent":0,"menu_order":0,"comment_status":"closed","ping_status":"closed","template":"","meta":{"_acf_changed":false,"footnotes":""},"class_list":["post-69112","page","type-page","status-publish","hentry"],"acf":[],"_links":{"self":[{"href":"https:\/\/mexpo.eu\/de\/wp-json\/wp\/v2\/pages\/69112","targetHints":{"allow":["GET"]}}],"collection":[{"href":"https:\/\/mexpo.eu\/de\/wp-json\/wp\/v2\/pages"}],"about":[{"href":"https:\/\/mexpo.eu\/de\/wp-json\/wp\/v2\/types\/page"}],"author":[{"embeddable":true,"href":"https:\/\/mexpo.eu\/de\/wp-json\/wp\/v2\/users\/353"}],"replies":[{"embeddable":true,"href":"https:\/\/mexpo.eu\/de\/wp-json\/wp\/v2\/comments?post=69112"}],"version-history":[{"count":2,"href":"https:\/\/mexpo.eu\/de\/wp-json\/wp\/v2\/pages\/69112\/revisions"}],"predecessor-version":[{"id":69116,"href":"https:\/\/mexpo.eu\/de\/wp-json\/wp\/v2\/pages\/69112\/revisions\/69116"}],"wp:attachment":[{"href":"https:\/\/mexpo.eu\/de\/wp-json\/wp\/v2\/media?parent=69112"}],"curies":[{"name":"wp","href":"https:\/\/api.w.org\/{rel}","templated":true}]}}