{"id":68870,"date":"2026-04-16T14:58:26","date_gmt":"2026-04-16T12:58:26","guid":{"rendered":"https:\/\/mexpo.eu\/tests-und-vermietung\/"},"modified":"2026-04-16T15:27:15","modified_gmt":"2026-04-16T13:27:15","slug":"tests-und-vermietung","status":"publish","type":"page","link":"https:\/\/mexpo.eu\/de\/tests-und-vermietung\/","title":{"rendered":"Tests und Vermietung"},"content":{"rendered":"<div class=\"wpb-content-wrapper\"><p>[vc_section full_width=&#8221;stretch_row&#8221; css=&#8221;.vc_custom_1762162986145{margin-top: 0px !important;margin-bottom: 0px !important;border-top-width: 0px !important;border-bottom-width: 0px !important;padding-top: 0px !important;padding-bottom: 0px !important;background-color: #FFFDFA !important;}&#8221;][vc_row full_width=&#8221;stretch_row&#8221; content_placement=&#8221;middle&#8221; css=&#8221;.vc_custom_1762164156755{margin-top: 0px !important;border-top-width: 0px !important;padding-top: 0px !important;padding-bottom: 50px !important;background-color: #F6F1EA !important;}&#8221;][vc_column][vc_single_image image=&#8221;68860&#8243; img_size=&#8221;&#8221; alignment=&#8221;center&#8221; css=&#8221;&#8221;][vc_custom_heading text=&#8221;Entscheiden Sie sich auf Basis eingehender Informationen \u2013 leihen Sie unsere Systeme aus!&#8221; font_container=&#8221;tag:h2|font_size:40|text_align:center&#8221; google_fonts=&#8221;font_family:Roboto%3A100%2C100italic%2C300%2C300italic%2Cregular%2Citalic%2C500%2C500italic%2C700%2C700italic%2C900%2C900italic|font_style:900%20bold%20regular%3A900%3Anormal&#8221; css=&#8221;&#8221;][vc_custom_heading text=&#8221;Entscheiden Sie ohne Risiko! Wir bieten unsere Systeme f\u00fcr kostenfreie Tests in Ihrer Umgebung an \u2013 entdecken Sie ihre Funktionen ehe Sie den Beschluss \u00fcber die Investition fassen. Und wenn Sie mehr Zeit oder weitere Ger\u00e4te brauchen, nehmen Sie die Verleih-Option in Anspruch.&#8221; font_container=&#8221;tag:h2|font_size:20|text_align:center|line_height:1.5&#8243; google_fonts=&#8221;font_family:Roboto%3A100%2C100italic%2C300%2C300italic%2Cregular%2Citalic%2C500%2C500italic%2C700%2C700italic%2C900%2C900italic|font_style:300%20light%20regular%3A300%3Anormal&#8221; css=&#8221;&#8221;][\/vc_column][\/vc_row][vc_row full_width=&#8221;stretch_row&#8221; content_placement=&#8221;middle&#8221; css=&#8221;.vc_custom_1761909098356{padding-top: 70px !important;padding-bottom: 50px !important;}&#8221;][vc_column width=&#8221;1\/2&#8243;][vc_single_image image=&#8221;68861&#8243; img_size=&#8221;&#8221; alignment=&#8221;center&#8221; css=&#8221;&#8221;][\/vc_column][vc_column width=&#8221;1\/2&#8243;][vc_custom_heading text=&#8221;Testen Sie das System kostenfrei&#8221; font_container=&#8221;tag:h2|font_size:28|text_align:left&#8221; google_fonts=&#8221;font_family:Roboto%3A100%2C100italic%2C300%2C300italic%2Cregular%2Citalic%2C500%2C500italic%2C700%2C700italic%2C900%2C900italic|font_style:700%20bold%20regular%3A700%3Anormal&#8221; css=&#8221;&#8221;][vc_column_text css=&#8221;&#8221;]<\/p>\n<p>Wir glauben, dass die beste Wahl eine informierte Wahl ist, und deshalb bieten wir Ihnen die M\u00f6glichkeit, <strong>unsere Ger\u00e4te kostenlos zu testen<\/strong>. Wir m\u00f6chten, dass Sie die bestm\u00f6gliche Entscheidung treffen k\u00f6nnen, ohne sich Sorgen oder Zweifel dar\u00fcber machen zu m\u00fcssen, ob das von Ihnen gew\u00e4hlte System Ihren Erwartungen entsprechen wird.<\/p>\n<p>[\/vc_column_text][vc_row_inner content_placement=&#8221;middle&#8221; gap=&#8221;30&#8243;][vc_column_inner width=&#8221;1\/6&#8243;][vc_single_image image=&#8221;68862&#8243; img_size=&#8221;&#8221; alignment=&#8221;center&#8221; css=&#8221;&#8221;][\/vc_column_inner][vc_column_inner width=&#8221;5\/6&#8243; css=&#8221;.vc_custom_1761911647853{padding-left: 0px !important;}&#8221;][vc_column_text css=&#8221;&#8221;]<\/p>\n<p>Sie bekommen <strong>zwei-drei Einheiten <\/strong>des jeweiligen Modells zusammen mit einem umfangreichen Zusatzausstattungs-Paket.<\/p>\n<p>[\/vc_column_text][\/vc_column_inner][\/vc_row_inner][vc_row_inner content_placement=&#8221;middle&#8221; gap=&#8221;30&#8243;][vc_column_inner width=&#8221;1\/6&#8243;][vc_single_image image=&#8221;68863&#8243; img_size=&#8221;&#8221; alignment=&#8221;center&#8221; css=&#8221;&#8221;][\/vc_column_inner][vc_column_inner width=&#8221;5\/6&#8243; css=&#8221;.vc_custom_1761911643939{padding-left: 0px !important;}&#8221;][vc_column_text css=&#8221;&#8221;]<\/p>\n<p>Wir geben Ihnen <strong>f\u00fcnf bis sieben Tage<\/strong>, um die Ger\u00e4te in Ihrer Umgebung in Ruhe zu testen.<\/p>\n<p>[\/vc_column_text][\/vc_column_inner][\/vc_row_inner][vc_row_inner content_placement=&#8221;middle&#8221; gap=&#8221;30&#8243;][vc_column_inner width=&#8221;1\/6&#8243;][vc_single_image image=&#8221;68864&#8243; img_size=&#8221;&#8221; alignment=&#8221;center&#8221; css=&#8221;&#8221;][\/vc_column_inner][vc_column_inner width=&#8221;5\/6&#8243; css=&#8221;.vc_custom_1761911640197{padding-left: 0px !important;}&#8221;][vc_column_text css=&#8221;&#8221;]<\/p>\n<p><strong>Wir empfehlen Ihnen, zwei bis drei verschiedene Modelle zu testen<\/strong>. So k\u00f6nnen Sie die Funktionen zuverl\u00e4ssig vergleichen und testen um dann das f\u00fcr Sie am besten geeignete System auszuw\u00e4hlen.<\/p>\n<p>[\/vc_column_text][\/vc_column_inner][\/vc_row_inner][vc_row_inner content_placement=&#8221;middle&#8221; gap=&#8221;30&#8243; css=&#8221;.vc_custom_1761834264131{padding-bottom: 50px !important;}&#8221;][vc_column_inner width=&#8221;1\/6&#8243;][vc_single_image image=&#8221;68865&#8243; img_size=&#8221;&#8221; alignment=&#8221;center&#8221; css=&#8221;&#8221;][\/vc_column_inner][vc_column_inner width=&#8221;5\/6&#8243; css=&#8221;.vc_custom_1761911635898{padding-left: 0px !important;}&#8221;][vc_column_text css=&#8221;&#8221;]<\/p>\n<p>Wir verlangen lediglich eine <strong>Kaution<\/strong>. Dieser Betrag wird Ihnen vollst\u00e4ndig zur\u00fcckerstattet, sobald Sie uns den kompletten Satz zugesandt haben.<\/p>\n<p>[\/vc_column_text][\/vc_column_inner][\/vc_row_inner][vc_btn title=&#8221;Ich will das System pr\u00fcfen&#8221; style=&#8221;gradient-custom&#8221; gradient_custom_color_1=&#8221;#8BD5EE&#8221; gradient_custom_color_2=&#8221;#8BD5EE&#8221; gradient_text_color=&#8221;#545454&#8243; shape=&#8221;round&#8221; align=&#8221;center&#8221; i_type=&#8221;linecons&#8221; i_icon_linecons=&#8221;vc_li vc_li-mail&#8221; css=&#8221;&#8221; add_icon=&#8221;true&#8221; link=&#8221;url:https%3A%2F%2Fmexpo.eu%2Fde%2Fbestellformular-fuer-testgeraete%2F|title:Formularz%20zam%C3%B3wienia%20sprz%C4%99tu%20do%20test%C3%B3w|&#8221;][\/vc_column][\/vc_row][vc_row full_width=&#8221;stretch_row&#8221; content_placement=&#8221;middle&#8221; css=&#8221;.vc_custom_1762162784618{padding-top: 50px !important;padding-bottom: 50px !important;}&#8221;][vc_column width=&#8221;1\/2&#8243;][vc_custom_heading text=&#8221;Verleihen Sie das System f\u00fcr eine l\u00e4ngere Zeit&#8221; font_container=&#8221;tag:h2|font_size:28|text_align:left&#8221; google_fonts=&#8221;font_family:Roboto%3A100%2C100italic%2C300%2C300italic%2Cregular%2Citalic%2C500%2C500italic%2C700%2C700italic%2C900%2C900italic|font_style:700%20bold%20regular%3A700%3Anormal&#8221; css=&#8221;&#8221;][vc_column_text css=&#8221;&#8221;]<\/p>\n<p>Reicht Ihnen die \u00fcbliche Testzeit nicht aus oder m\u00f6chten Sie die Ger\u00e4te in Ihrer Umgebung gr\u00fcndlicher pr\u00fcfen, nutzen Sie unsere Mietoption.<\/p>\n<p>[\/vc_column_text][vc_row_inner content_placement=&#8221;middle&#8221; gap=&#8221;30&#8243; css=&#8221;.vc_custom_1761911595298{padding-left: 0px !important;}&#8221;][vc_column_inner width=&#8221;1\/6&#8243;][vc_single_image image=&#8221;68866&#8243; img_size=&#8221;&#8221; alignment=&#8221;center&#8221; css=&#8221;&#8221;][\/vc_column_inner][vc_column_inner width=&#8221;5\/6&#8243; css=&#8221;.vc_custom_1761911631158{padding-left: 0px !important;}&#8221;][vc_column_text css=&#8221;&#8221;]<\/p>\n<p>Sie erhalten <strong>einen kompletten Satz<\/strong>, bestehend aus der von Ihnen ausgew\u00e4hlten Anzahl an Sender- und Empf\u00e4ngerger\u00e4ten sowie der erforderlichen Zusatzausstattung.<\/p>\n<p>[\/vc_column_text][\/vc_column_inner][\/vc_row_inner][vc_row_inner content_placement=&#8221;middle&#8221; gap=&#8221;30&#8243; css=&#8221;.vc_custom_1761911591589{padding-left: 0px !important;}&#8221;][vc_column_inner width=&#8221;1\/6&#8243;][vc_single_image image=&#8221;68867&#8243; img_size=&#8221;&#8221; alignment=&#8221;center&#8221; css=&#8221;&#8221;][\/vc_column_inner][vc_column_inner width=&#8221;5\/6&#8243; css=&#8221;.vc_custom_1761911625904{padding-left: 0px !important;}&#8221;][vc_column_text css=&#8221;.vc_custom_1761911607825{padding-left: 0px !important;}&#8221;]<\/p>\n<p>Die Mietdauer richtet sich ausschlie\u00dflich nach Ihren Bed\u00fcrfnissen \u2013 <strong>wir stellen Ihnen die Ausr\u00fcstung f\u00fcr eine ausgew\u00e4hlte Anzahl von Tagen oder sogar Monaten zur Verf\u00fcgung.<\/strong><\/p>\n<p>[\/vc_column_text][\/vc_column_inner][\/vc_row_inner][vc_row_inner content_placement=&#8221;middle&#8221; gap=&#8221;30&#8243; css=&#8221;.vc_custom_1761906854933{padding-bottom: 50px !important;}&#8221;][vc_column_inner width=&#8221;1\/6&#8243;][vc_single_image image=&#8221;68868&#8243; img_size=&#8221;&#8221; alignment=&#8221;right&#8221; css=&#8221;.vc_custom_1776344273785{margin-top: 0px !important;margin-right: 0px !important;margin-bottom: 0px !important;margin-left: 0px !important;padding-top: 0px !important;padding-right: 0px !important;padding-bottom: 0px !important;padding-left: 0px !important;}&#8221;][\/vc_column_inner][vc_column_inner width=&#8221;5\/6&#8243; css=&#8221;.vc_custom_1761911566298{padding-left: 0px !important;}&#8221;][vc_column_text css=&#8221;.vc_custom_1762172832320{padding-left: 0px !important;}&#8221;]<\/p>\n<p>Der Mietpreis f\u00fcr das Set <strong>h\u00e4ngt von der Anzahl der Empf\u00e4nger und der Mietdauer<\/strong> ab. Je l\u00e4nger die Mietdauer, desto niedriger der Preis.<\/p>\n<p>[\/vc_column_text][\/vc_column_inner][\/vc_row_inner][vc_btn title=&#8221;Ich m\u00f6chte das System ausleihen&#8221; style=&#8221;gradient-custom&#8221; gradient_custom_color_1=&#8221;#8BD5EE&#8221; gradient_custom_color_2=&#8221;#8BD5EE&#8221; gradient_text_color=&#8221;#545454&#8243; shape=&#8221;round&#8221; align=&#8221;center&#8221; i_type=&#8221;entypo&#8221; i_icon_entypo=&#8221;entypo-icon entypo-icon-right-open&#8221; css=&#8221;&#8221; add_icon=&#8221;true&#8221; link=&#8221;url:https%3A%2F%2Ftourguidewynajem.pl%2F%23section-kontakt|&#8221;][\/vc_column][vc_column width=&#8221;1\/2&#8243;][vc_single_image image=&#8221;68869&#8243; img_size=&#8221;&#8221; alignment=&#8221;center&#8221; css=&#8221;&#8221;][\/vc_column][\/vc_row][\/vc_section]<\/p>\n<\/div>","protected":false},"excerpt":{"rendered":"<p>[vc_section full_width=&#8221;stretch_row&#8221; css=&#8221;.vc_custom_1762162986145{margin-top: 0px !important;margin-bottom: 0px !important;border-top-width: 0px !important;border-bottom-width: 0px !important;padding-top: 0px !important;padding-bottom: 0px !important;background-color: #FFFDFA !important;}&#8221;][vc_row full_width=&#8221;stretch_row&#8221; content_placement=&#8221;middle&#8221; css=&#8221;.vc_custom_1762164156755{margin-top: 0px !important;border-top-width: 0px !important;padding-top: 0px !important;padding-bottom: 50px !important;background-color: #F6F1EA !important;}&#8221;][vc_column][vc_single_image<\/p>\n","protected":false},"author":338,"featured_media":0,"parent":0,"menu_order":0,"comment_status":"closed","ping_status":"closed","template":"","meta":{"_acf_changed":false,"footnotes":""},"class_list":["post-68870","page","type-page","status-publish","hentry"],"acf":[],"_links":{"self":[{"href":"https:\/\/mexpo.eu\/de\/wp-json\/wp\/v2\/pages\/68870","targetHints":{"allow":["GET"]}}],"collection":[{"href":"https:\/\/mexpo.eu\/de\/wp-json\/wp\/v2\/pages"}],"about":[{"href":"https:\/\/mexpo.eu\/de\/wp-json\/wp\/v2\/types\/page"}],"author":[{"embeddable":true,"href":"https:\/\/mexpo.eu\/de\/wp-json\/wp\/v2\/users\/338"}],"replies":[{"embeddable":true,"href":"https:\/\/mexpo.eu\/de\/wp-json\/wp\/v2\/comments?post=68870"}],"version-history":[{"count":6,"href":"https:\/\/mexpo.eu\/de\/wp-json\/wp\/v2\/pages\/68870\/revisions"}],"predecessor-version":[{"id":68918,"href":"https:\/\/mexpo.eu\/de\/wp-json\/wp\/v2\/pages\/68870\/revisions\/68918"}],"wp:attachment":[{"href":"https:\/\/mexpo.eu\/de\/wp-json\/wp\/v2\/media?parent=68870"}],"curies":[{"name":"wp","href":"https:\/\/api.w.org\/{rel}","templated":true}]}}