{"id":67404,"date":"2025-10-19T11:46:15","date_gmt":"2025-10-19T09:46:15","guid":{"rendered":"https:\/\/mexpo.eu\/?page_id=67404"},"modified":"2025-11-18T14:56:04","modified_gmt":"2025-11-18T13:56:04","slug":"serviceanfrage-formular","status":"publish","type":"page","link":"https:\/\/mexpo.eu\/de\/serviceanfrage-formular\/","title":{"rendered":"Serviceanfrage-Formular"},"content":{"rendered":"<div class=\"wpb-content-wrapper\"><p>[vc_row][vc_column][vc_toggle title=&#8221;\u26a0 <b>Bitte lesen Sie dies, bevor Sie Ihr Ger\u00e4t zur Reparatur einsenden<\/b> \u26a0<br \/>Hier klicken&#8221; style=&#8221;simple&#8221; custom_font_container=&#8221;tag:h2|font_size:20|text_align:center&#8221; custom_google_fonts=&#8221;font_family:Open%20Sans%3A300%2C300italic%2Cregular%2Citalic%2C600%2C600italic%2C700%2C700italic%2C800%2C800italic|font_style:300%20light%20regular%3A300%3Anormal&#8221; css=&#8221;.vc_custom_1763473368668{margin-bottom: 20px !important;border-top-width: 3px !important;border-right-width: 3px !important;border-bottom-width: 3px !important;border-left-width: 3px !important;padding-right: 20px !important;padding-left: 20px !important;border-left-style: solid !important;border-right-style: solid !important;border-top-style: solid !important;border-bottom-style: solid !important;border-color: #FF9900 !important;}&#8221; use_custom_heading=&#8221;true&#8221;]<\/p>\n<p data-path-to-node=\"2\">Bevor Sie eine Fehlermeldung einreichen und Ihr Ger\u00e4t an unser Servicezentrum senden, bitten wir Sie, die folgenden Schritte zu \u00fcberpr\u00fcfen. Die korrekte Durchf\u00fchrung aller Punkte kann das Problem m\u00f6glicherweise beheben, ohne dass ein Serviceeingriff erforderlich ist.<\/p>\n<p><\/p>\n<h3><b>Schritt 1: Kan\u00e4le und Stromversorgung pr\u00fcfen<\/b><\/h3>\n<p><\/p>\n<ol start=\"1\" data-path-to-node=\"5\">\n<li>\n<p data-path-to-node=\"5,0,0\"><b>Sender-Kanal:<\/b>\u00a0Stellen Sie sicher, dass\u00a0<b>nur ein Sender auf demselben Kanal<\/b>\u00a0in Ihrer unmittelbaren N\u00e4he arbeitet. Kanalkonflikte k\u00f6nnen zu St\u00f6rungen f\u00fchren.<\/p>\n<p><\/li>\n<p>\t<\/p>\n<li>\n<p data-path-to-node=\"5,1,0\"><b>Kanaleinstellung:<\/b>\u00a0Best\u00e4tigen Sie, dass\u00a0<b>sowohl der Sender als auch der Empf\u00e4nger auf denselben Kanal eingestellt sind<\/b>. Dies ist entscheidend f\u00fcr die ordnungsgem\u00e4\u00dfe Kommunikation.<\/p>\n<\/li>\n<p>\t<\/p>\n<li>\n<p data-path-to-node=\"5,2,0\"><b>Sender-Stromversorgung:<\/b>\u00a0Vergewissern Sie sich, dass die\u00a0<b>Akkus des Senders vollst\u00e4ndig geladen sind<\/b>. Ein niedriger Ladestand kann zu instabilem Betrieb oder einem kompletten \u00dcbertragungsverlust f\u00fchren.<\/p>\n<\/li>\n<p><\/ol>\n<p><\/p>\n<h3><b>Schritt 2: Empf\u00e4nger- und Stummschaltungspr\u00fcfung<\/b><\/h3>\n<p><\/p>\n<ol start=\"4\" data-path-to-node=\"8\">\n<li>\n<p data-path-to-node=\"8,0,0\"><b>Empf\u00e4nger-Lautst\u00e4rke:<\/b>\u00a0\u00dcberpr\u00fcfen Sie, ob die\u00a0<b>Lautst\u00e4rke des Empf\u00e4ngers auf Maximum<\/b>\u00a0(oder auf ein angemessenes, h\u00f6rbares Niveau) eingestellt ist. Stellen Sie sicher, dass sie nicht versehentlich stummgeschaltet oder heruntergeregelt wurde.<\/p>\n<p><\/li>\n<p>\t<\/p>\n<li>\n<p data-path-to-node=\"8,1,0\"><b>Sender-Stummschaltungsstatus (Mute):<\/b>\u00a0Stellen Sie sicher, dass die\u00a0<b>Stummschaltungsfunktion (Mute) des Senders deaktiviert ist<\/b>.<\/p>\n<ul data-path-to-node=\"8,1,1\">\n<li>\n<p data-path-to-node=\"8,1,1,0,0\"><b>Anzeige:<\/b>\u00a0Dies bedeutet in der Regel, dass die\u00a0<b>gr\u00fcne LED am Sender nicht blinken sollte<\/b>\u00a0(sondern konstant leuchten, abh\u00e4ngig vom Modell). Wenn sie blinkt, ist die Stummschaltung wahrscheinlich aktiv.<\/p>\n<\/li>\n<p><\/ul>\n<p><\/li>\n<p><\/ol>\n<p><\/p>\n<h3><b>Schritt 3: Analyse der LED-Statusanzeigen<\/b><\/h3>\n<p><\/p>\n<ol start=\"6\" data-path-to-node=\"11\">\n<li>\n<p data-path-to-node=\"11,0,0\"><b>Verbindungsstatus:<\/b>\u00a0\u00dcberpr\u00fcfen Sie den Zustand der LED-Anzeigen an beiden Ger\u00e4ten.<\/p>\n<p><\/p>\n<ul data-path-to-node=\"11,0,1\">\n<li>\n<p data-path-to-node=\"11,0,1,0,0\"><b>Erwarteter Zustand:<\/b>\u00a0Die LEDs an\u00a0<b>sowohl dem Sender als auch dem Empf\u00e4nger sollten konstant gr\u00fcn leuchten<\/b>. Ein durchgehend gr\u00fcnes Licht signalisiert typischerweise eine stabile Verbindung und Betriebsbereitschaft.<\/p>\n<\/li>\n<\/ul>\n<p><\/li>\n<p><\/ol>\n<p><\/p>\n<p><strong>Falls Ihr Ger\u00e4t nach erfolgreicher Durchf\u00fchrung aller oben genannten Schritte weiterhin nicht ordnungsgem\u00e4\u00df funktioniert, k\u00f6nnen Sie die Serviceanfrage stellen, da Sie sichergestellt haben, dass die grundlegenden Einstellungen und die Stromversorgung korrekt sind.<\/strong><\/p>\n<p>[\/vc_toggle]\n<div class=\"wpcf7 no-js\" id=\"wpcf7-f67401-o1\" lang=\"de-DE\" dir=\"ltr\" data-wpcf7-id=\"67401\">\n<div class=\"screen-reader-response\"><p role=\"status\" aria-live=\"polite\" aria-atomic=\"true\"><\/p> <ul><\/ul><\/div>\n<form action=\"\/de\/wp-json\/wp\/v2\/pages\/67404#wpcf7-f67401-o1\" method=\"post\" class=\"wpcf7-form init\" aria-label=\"Kontaktformular\" novalidate=\"novalidate\" data-status=\"init\">\n<fieldset class=\"hidden-fields-container\"><input type=\"hidden\" name=\"_wpcf7\" value=\"67401\" \/><input type=\"hidden\" name=\"_wpcf7_version\" value=\"6.1.5\" \/><input type=\"hidden\" name=\"_wpcf7_locale\" value=\"de_DE\" \/><input type=\"hidden\" name=\"_wpcf7_unit_tag\" value=\"wpcf7-f67401-o1\" \/><input type=\"hidden\" name=\"_wpcf7_container_post\" value=\"0\" \/><input type=\"hidden\" name=\"_wpcf7_posted_data_hash\" value=\"\" \/><input type=\"hidden\" name=\"_uacf7_hidden_conditional_fields\" value=\"\" \/>\n<\/fieldset>\n<div class=\"uacf7-form-wrapper-container uacf7-form-67401  \">\t\t<span class=\"wpcf7-form-control-wrap uacf7_submission_id-263\"\n\t\t\tdata-name=\"uacf7_submission_id-263\">\n\n\t\t\t<input hidden id=\"uacf7_uacf7_submission_id-263\" class=\"wpcf7-form-control wpcf7-uacf7_submission_id\" aria-invalid=\"false\" name=\"uacf7_submission_id-263\" size=\"40\" value=\"102\">\n\t\t\t<span><\/span>\n\t\t<\/span>\n\n\t\t\r\n\r\n<span class=\"wpcf7-form-control-wrap\" data-name=\"modelurzadzenia\"><input size=\"40\" maxlength=\"400\" class=\"wpcf7-form-control wpcf7-text wpcf7-validates-as-required\" aria-required=\"true\" aria-invalid=\"false\" placeholder=\"Ger\u00e4temodell*\" value=\"\" type=\"text\" name=\"modelurzadzenia\" \/><\/span>\r\n<span class=\"wpcf7-form-control-wrap\" data-name=\"opisusterki\"><textarea cols=\"40\" rows=\"10\" maxlength=\"2000\" class=\"wpcf7-form-control wpcf7-textarea wpcf7-validates-as-required\" aria-required=\"true\" aria-invalid=\"false\" placeholder=\"Fehlerbeschreibung*\" name=\"opisusterki\"><\/textarea><\/span>\r\n<span class=\"wpcf7-form-control-wrap\" data-name=\"fv\"><input size=\"40\" maxlength=\"400\" class=\"wpcf7-form-control wpcf7-text\" aria-invalid=\"false\" placeholder=\"Rechnungsnummer\" value=\"\" type=\"text\" name=\"fv\" \/><\/span>\r\n<span class=\"wpcf7-form-control-wrap\" data-name=\"nazwafirmy\"><input size=\"40\" maxlength=\"400\" class=\"wpcf7-form-control wpcf7-text wpcf7-validates-as-required\" aria-required=\"true\" aria-invalid=\"false\" placeholder=\"Firmenname*\" value=\"\" type=\"text\" name=\"nazwafirmy\" \/><\/span>\r\n<span class=\"wpcf7-form-control-wrap\" data-name=\"nip\"><input size=\"40\" maxlength=\"400\" class=\"wpcf7-form-control wpcf7-text wpcf7-validates-as-required\" aria-required=\"true\" aria-invalid=\"false\" placeholder=\"USt-IdNr.*\" value=\"\" type=\"text\" name=\"nip\" \/><\/span>\r\n<span class=\"wpcf7-form-control-wrap\" data-name=\"osobakontaktowa\"><input size=\"40\" maxlength=\"400\" class=\"wpcf7-form-control wpcf7-text wpcf7-validates-as-required\" aria-required=\"true\" aria-invalid=\"false\" placeholder=\"Kontaktperson (Name und Position)*\" value=\"\" type=\"text\" name=\"osobakontaktowa\" \/><\/span>\r\n<span class=\"wpcf7-form-control-wrap\" data-name=\"telefon\"><input size=\"40\" maxlength=\"400\" class=\"wpcf7-form-control wpcf7-tel wpcf7-validates-as-required wpcf7-text wpcf7-validates-as-tel\" aria-required=\"true\" aria-invalid=\"false\" placeholder=\"Telefonnummer der Kontaktperson*\" value=\"\" type=\"tel\" name=\"telefon\" \/><\/span>\r\n<span class=\"wpcf7-form-control-wrap\" data-name=\"email\"><input size=\"40\" maxlength=\"400\" class=\"wpcf7-form-control wpcf7-email wpcf7-validates-as-required wpcf7-text wpcf7-validates-as-email\" aria-required=\"true\" aria-invalid=\"false\" placeholder=\"E-Mail der Kontaktperson*\" value=\"\" type=\"email\" name=\"email\" \/><\/span>\r\n<span class=\"wpcf7-form-control-wrap\" data-name=\"adresdozwrotu\"><input size=\"40\" maxlength=\"400\" class=\"wpcf7-form-control wpcf7-text wpcf7-validates-as-required\" aria-required=\"true\" aria-invalid=\"false\" placeholder=\"Stra\u00dfe und Haus-\/Wohnungsnummer (R\u00fccksendeadresse f\u00fcr das reparierte Ger\u00e4t)*\" value=\"\" type=\"text\" name=\"adresdozwrotu\" \/><\/span>\r\n<span class=\"wpcf7-form-control-wrap\" data-name=\"kodpocztowy\"><input size=\"40\" maxlength=\"400\" class=\"wpcf7-form-control wpcf7-text wpcf7-validates-as-required\" aria-required=\"true\" aria-invalid=\"false\" placeholder=\"Postleitzahl*\" value=\"\" type=\"text\" name=\"kodpocztowy\" \/><\/span>\r\n<span class=\"wpcf7-form-control-wrap\" data-name=\"miasto\"><input size=\"40\" maxlength=\"400\" class=\"wpcf7-form-control wpcf7-text wpcf7-validates-as-required\" aria-required=\"true\" aria-invalid=\"false\" placeholder=\"Ort*\" value=\"\" type=\"text\" name=\"miasto\" \/><\/span>\r\n<br \/>\r\n<p><b>Nach dem Absenden der Anfrage warten Sie bitte auf die Kontaktaufnahme unseres Serviceteams, um die n\u00e4chsten Schritte zu besprechen.<\/b><\/p>\r\n<p><span class=\"wpcf7-form-control-wrap\" data-name=\"zgoda\"><span class=\"wpcf7-form-control wpcf7-acceptance\"><span class=\"wpcf7-list-item\"><input type=\"checkbox\" name=\"zgoda\" value=\"1\" aria-invalid=\"false\" \/><\/span><\/span><\/span> Ich habe die <a href=\"https:\/\/mexpo.eu\/polityka-prywatnosci\/\">Datenschutzrichtlinie<\/a> gelesen, akzeptiere sie und stimme der Verwendung meiner Kontaktdaten zur Bearbeitung der Serviceanfrage zu.<\/p>\r\n\r\n<input class=\"wpcf7-form-control wpcf7-submit has-spinner\" type=\"submit\" value=\"Senden\" \/><\/div><div class=\"wpcf7-response-output\" aria-hidden=\"true\"><\/div>\n<\/form>\n<\/div>\n[\/vc_column][\/vc_row]<\/p>\n<\/div>","protected":false},"excerpt":{"rendered":"<p>[vc_row][vc_column][vc_toggle title=&#8221;\u26a0 Bitte lesen Sie dies, bevor Sie Ihr Ger\u00e4t zur Reparatur einsenden \u26a0Hier klicken&#8221; style=&#8221;simple&#8221; custom_font_container=&#8221;tag:h2|font_size:20|text_align:center&#8221; custom_google_fonts=&#8221;font_family:Open%20Sans%3A300%2C300italic%2Cregular%2Citalic%2C600%2C600italic%2C700%2C700italic%2C800%2C800italic|font_style:300%20light%20regular%3A300%3Anormal&#8221; css=&#8221;.vc_custom_1763473368668{margin-bottom: 20px !important;border-top-width: 3px !important;border-right-width: 3px !important;border-bottom-width: 3px !important;border-left-width: 3px !important;padding-right: 20px<\/p>\n","protected":false},"author":1,"featured_media":0,"parent":0,"menu_order":0,"comment_status":"closed","ping_status":"closed","template":"","meta":{"_acf_changed":false,"footnotes":""},"class_list":["post-67404","page","type-page","status-publish","hentry"],"acf":[],"_links":{"self":[{"href":"https:\/\/mexpo.eu\/de\/wp-json\/wp\/v2\/pages\/67404","targetHints":{"allow":["GET"]}}],"collection":[{"href":"https:\/\/mexpo.eu\/de\/wp-json\/wp\/v2\/pages"}],"about":[{"href":"https:\/\/mexpo.eu\/de\/wp-json\/wp\/v2\/types\/page"}],"author":[{"embeddable":true,"href":"https:\/\/mexpo.eu\/de\/wp-json\/wp\/v2\/users\/1"}],"replies":[{"embeddable":true,"href":"https:\/\/mexpo.eu\/de\/wp-json\/wp\/v2\/comments?post=67404"}],"version-history":[{"count":3,"href":"https:\/\/mexpo.eu\/de\/wp-json\/wp\/v2\/pages\/67404\/revisions"}],"predecessor-version":[{"id":67737,"href":"https:\/\/mexpo.eu\/de\/wp-json\/wp\/v2\/pages\/67404\/revisions\/67737"}],"wp:attachment":[{"href":"https:\/\/mexpo.eu\/de\/wp-json\/wp\/v2\/media?parent=67404"}],"curies":[{"name":"wp","href":"https:\/\/api.w.org\/{rel}","templated":true}]}}