{"id":67371,"date":"2025-09-17T11:08:46","date_gmt":"2025-09-17T09:08:46","guid":{"rendered":"https:\/\/mexpo.eu\/?page_id=67371"},"modified":"2025-10-19T11:18:19","modified_gmt":"2025-10-19T09:18:19","slug":"information-ueber-den-verlust-der-kaution-fuer-das-getestete-geraet","status":"publish","type":"page","link":"https:\/\/mexpo.eu\/de\/information-ueber-den-verlust-der-kaution-fuer-das-getestete-geraet\/","title":{"rendered":"Information \u00fcber den Verlust der Kaution f\u00fcr das getestete Ger\u00e4t"},"content":{"rendered":"<p>Wir freuen uns sehr, dass Sie unsere Ausr\u00fcstung testen m\u00f6chten! Wir hoffen, dass das System Ihren Erwartungen entspricht und bestens funktioniert. Wie im Leben gibt es jedoch einige Regeln, die Sie beachten sollten, damit die Kaution sicher auf Ihr Konto zur\u00fcckkehrt.<\/p>\n<p>Hier sind die F\u00e4lle, in denen wir die Kaution teilweise oder gar nicht zur\u00fcckzahlen k\u00f6nnen:<\/p>\n<ol>\n<li><strong>Mechanische Besch\u00e4digungen<\/strong> Wenn die Ausr\u00fcstung aussieht, als w\u00e4re sie \u201emit einem Panzer kollidiert\u201c \u2013 haben wir ein Problem. Beulen, Risse, tiefe Kratzer oder andere \u201eReisesouvenirs\u201c k\u00f6nnen zum Verlust der Kaution f\u00fchren.<\/li>\n<li><strong>Wassersch\u00e4den<\/strong> Unsere Ger\u00e4te m\u00f6gen Wasser genauso wenig wie Katzen \u2013 also gar nicht (es sei denn, es handelt sich um ein spezielles wasserdichtes Modell ;)). Wenn sie in einem Zustand zur\u00fcckkehren, der an einen Tauchkurs erinnert, kann die Kaution f\u00fcr die \u201eTrocknungskosten\u201c verwendet werden.<\/li>\n<li><strong>Verl\u00e4ngerung der Testzeit<\/strong> Manchmal vergeht die Zeit wie im Flug, und das Ger\u00e4t verpasst seinen \u201eR\u00fcckzug\u201c \u2013 das verstehen wir! Wenn es jedoch zu lange \u201eUrlaub macht\u201c und versp\u00e4tet zur\u00fcckkommt, k\u00f6nnen wir einen Teil der Kaution einbehalten, um zus\u00e4tzliche \u201eFerienkosten\u201c zu decken.<\/li>\n<li><strong>Fehlende Teile<\/strong> In der Testphase kann schon mal etwas verloren gehen \u2013 wie eine Socke in der Waschmaschine. Wenn jedoch Sender, Empf\u00e4nger, Mikrofone, wiederverwendbare Ohrh\u00f6rer, Headsets oder der Transportkoffer fehlen, behalten wir einen Teil der Kaution ein, um die fehlenden Teile zu ersetzen.<\/li>\n<li><strong>Verpackung f\u00fcr den Versand<\/strong> Bitte denken Sie daran, dass unser Koffer Teil des Sets ist und nicht die Versandverpackung! Wir m\u00f6chten nicht, dass er mit zus\u00e4tzlichen \u201eT\u00e4towierungen\u201c in Form von Kurieretiketten zur\u00fcckkommt. Verpacken Sie den Koffer in einen geeigneten Karton oder wickeln Sie ihn mehrmals in Luftpolsterfolie, damit er unversehrt und ohne Aufkleber bei uns ankommt.<\/li>\n<\/ol>\n","protected":false},"excerpt":{"rendered":"<p>Wir freuen uns sehr, dass Sie unsere Ausr\u00fcstung testen m\u00f6chten! Wir hoffen, dass das System Ihren Erwartungen entspricht und bestens funktioniert. Wie im Leben gibt es jedoch einige Regeln, die<\/p>\n","protected":false},"author":1,"featured_media":0,"parent":0,"menu_order":0,"comment_status":"closed","ping_status":"closed","template":"","meta":{"_acf_changed":false,"footnotes":""},"class_list":["post-67371","page","type-page","status-publish","hentry"],"acf":[],"_links":{"self":[{"href":"https:\/\/mexpo.eu\/de\/wp-json\/wp\/v2\/pages\/67371","targetHints":{"allow":["GET"]}}],"collection":[{"href":"https:\/\/mexpo.eu\/de\/wp-json\/wp\/v2\/pages"}],"about":[{"href":"https:\/\/mexpo.eu\/de\/wp-json\/wp\/v2\/types\/page"}],"author":[{"embeddable":true,"href":"https:\/\/mexpo.eu\/de\/wp-json\/wp\/v2\/users\/1"}],"replies":[{"embeddable":true,"href":"https:\/\/mexpo.eu\/de\/wp-json\/wp\/v2\/comments?post=67371"}],"version-history":[{"count":1,"href":"https:\/\/mexpo.eu\/de\/wp-json\/wp\/v2\/pages\/67371\/revisions"}],"predecessor-version":[{"id":67372,"href":"https:\/\/mexpo.eu\/de\/wp-json\/wp\/v2\/pages\/67371\/revisions\/67372"}],"wp:attachment":[{"href":"https:\/\/mexpo.eu\/de\/wp-json\/wp\/v2\/media?parent=67371"}],"curies":[{"name":"wp","href":"https:\/\/api.w.org\/{rel}","templated":true}]}}