{"id":67350,"date":"2025-09-16T13:02:49","date_gmt":"2025-09-16T11:02:49","guid":{"rendered":"https:\/\/mexpo.eu\/bestellformular-fuer-testgeraete\/"},"modified":"2025-10-15T14:27:23","modified_gmt":"2025-10-15T12:27:23","slug":"bestellformular-fuer-testgeraete","status":"publish","type":"page","link":"https:\/\/mexpo.eu\/de\/bestellformular-fuer-testgeraete\/","title":{"rendered":"Bestellformular f\u00fcr Testger\u00e4te"},"content":{"rendered":"<div class=\"wpb-content-wrapper\"><p>[vc_row][vc_column]\n<div class=\"wpcf7 no-js\" id=\"wpcf7-f67342-o1\" lang=\"de-DE\" dir=\"ltr\" data-wpcf7-id=\"67342\">\n<div class=\"screen-reader-response\"><p role=\"status\" aria-live=\"polite\" aria-atomic=\"true\"><\/p> <ul><\/ul><\/div>\n<form action=\"\/de\/wp-json\/wp\/v2\/pages\/67350#wpcf7-f67342-o1\" method=\"post\" class=\"wpcf7-form init\" aria-label=\"Kontaktformular\" novalidate=\"novalidate\" data-status=\"init\">\n<fieldset class=\"hidden-fields-container\"><input type=\"hidden\" name=\"_wpcf7\" value=\"67342\" \/><input type=\"hidden\" name=\"_wpcf7_version\" value=\"6.1.5\" \/><input type=\"hidden\" name=\"_wpcf7_locale\" value=\"de_DE\" \/><input type=\"hidden\" name=\"_wpcf7_unit_tag\" value=\"wpcf7-f67342-o1\" \/><input type=\"hidden\" name=\"_wpcf7_container_post\" value=\"0\" \/><input type=\"hidden\" name=\"_wpcf7_posted_data_hash\" value=\"\" \/><input type=\"hidden\" name=\"_uacf7_hidden_conditional_fields\" value=\"\" \/>\n<\/fieldset>\n<div class=\"uacf7-form-wrapper-container uacf7-form-67342  \">\t\t<span class=\"wpcf7-form-control-wrap uacf7_submission_id-41\"\n\t\t\tdata-name=\"uacf7_submission_id-41\">\n\n\t\t\t<input hidden id=\"uacf7_uacf7_submission_id-41\" class=\"wpcf7-form-control wpcf7-uacf7_submission_id\" aria-invalid=\"false\" name=\"uacf7_submission_id-41\" size=\"40\" value=\"106\">\n\t\t\t<span><\/span>\n\t\t<\/span>\n\n\t\t\n\n<h5>1. BESTELLER (KUNDE)<\/h5>\n\n<span class=\"wpcf7-form-control-wrap\" data-name=\"nazwafirmy\"><input size=\"40\" maxlength=\"400\" class=\"wpcf7-form-control wpcf7-text wpcf7-validates-as-required\" aria-required=\"true\" aria-invalid=\"false\" placeholder=\"Firmenname*\" value=\"\" type=\"text\" name=\"nazwafirmy\" \/><\/span>\n<span class=\"wpcf7-form-control-wrap\" data-name=\"adresfirmy\"><input size=\"40\" maxlength=\"400\" class=\"wpcf7-form-control wpcf7-text wpcf7-validates-as-required\" aria-required=\"true\" aria-invalid=\"false\" placeholder=\"Firmenadresse*\" value=\"\" type=\"text\" name=\"adresfirmy\" \/><\/span>\n<span class=\"wpcf7-form-control-wrap\" data-name=\"nip\"><input size=\"40\" maxlength=\"400\" class=\"wpcf7-form-control wpcf7-text wpcf7-validates-as-required\" aria-required=\"true\" aria-invalid=\"false\" placeholder=\"USt-IdNr. \/ Steuernummer*\" value=\"\" type=\"text\" name=\"nip\" \/><\/span>\n\n<h5>2. LIEFERADRESSE UND KONTAKTDATEN<\/h5>\n\n<span class=\"wpcf7-form-control-wrap\" data-name=\"adresdostawy\"><input size=\"40\" maxlength=\"400\" class=\"wpcf7-form-control wpcf7-text wpcf7-validates-as-required\" aria-required=\"true\" aria-invalid=\"false\" placeholder=\"Stra\u00dfe und Haus-\/Wohnungsnummer*\" value=\"\" type=\"text\" name=\"adresdostawy\" \/><\/span>\n<span class=\"wpcf7-form-control-wrap\" data-name=\"kodpocztowy\"><input size=\"40\" maxlength=\"400\" class=\"wpcf7-form-control wpcf7-text wpcf7-validates-as-required\" aria-required=\"true\" aria-invalid=\"false\" placeholder=\"Postleitzahl*\" value=\"\" type=\"text\" name=\"kodpocztowy\" \/><\/span>\n<span class=\"wpcf7-form-control-wrap\" data-name=\"miasto\"><input size=\"40\" maxlength=\"400\" class=\"wpcf7-form-control wpcf7-text wpcf7-validates-as-required\" aria-required=\"true\" aria-invalid=\"false\" placeholder=\"Stadt*\" value=\"\" type=\"text\" name=\"miasto\" \/><\/span>\n<span class=\"wpcf7-form-control-wrap\" data-name=\"osobakontaktowa\"><input size=\"40\" maxlength=\"400\" class=\"wpcf7-form-control wpcf7-text wpcf7-validates-as-required\" aria-required=\"true\" aria-invalid=\"false\" placeholder=\"Ansprechperson (Name und Position)*\" value=\"\" type=\"text\" name=\"osobakontaktowa\" \/><\/span>\n<span class=\"wpcf7-form-control-wrap\" data-name=\"telefon\"><input size=\"40\" maxlength=\"400\" class=\"wpcf7-form-control wpcf7-tel wpcf7-validates-as-required wpcf7-text wpcf7-validates-as-tel\" aria-required=\"true\" aria-invalid=\"false\" placeholder=\"Telefon der Ansprechperson*\" value=\"\" type=\"tel\" name=\"telefon\" \/><\/span>\n<span class=\"wpcf7-form-control-wrap\" data-name=\"email\"><input size=\"40\" maxlength=\"400\" class=\"wpcf7-form-control wpcf7-email wpcf7-validates-as-required wpcf7-text wpcf7-validates-as-email\" aria-required=\"true\" aria-invalid=\"false\" placeholder=\"E-Mail der Ansprechperson*\" value=\"\" type=\"email\" name=\"email\" \/><\/span>\n\n<h5>3. BEVORZUGTES LIEFERDATUM F\u00dcR DIE TESTGER\u00c4TE<\/h5>\n\nBevorzugtes Lieferdatum der Ger\u00e4te (jedoch nicht fr\u00fcher als am n\u00e4chsten Werktag nach Eingang der Kaution)\n\n<span class=\"wpcf7-form-control-wrap\" data-name=\"data\"><input class=\"wpcf7-form-control wpcf7-date wpcf7-validates-as-required wpcf7-validates-as-date\" aria-required=\"true\" aria-invalid=\"false\" value=\"\" type=\"date\" name=\"data\" \/><\/span>\n\n<h5>4. MODELL\/E<\/h5>\n\nWelches Systemmodell m\u00f6chten Sie ausleihen?*\n<br \/>\n<span class=\"wpcf7-form-control-wrap\" data-name=\"wybor-modelu\"><span class=\"wpcf7-form-control wpcf7-checkbox wpcf7-validates-as-required\"><span class=\"wpcf7-list-item first\"><label><input type=\"checkbox\" name=\"wybor-modelu[]\" value=\"Axiwi AT-320\" \/><span class=\"wpcf7-list-item-label\">Axiwi AT-320<\/span><\/label><\/span><span class=\"wpcf7-list-item\"><label><input type=\"checkbox\" name=\"wybor-modelu[]\" value=\"Axiwi AT-350\" \/><span class=\"wpcf7-list-item-label\">Axiwi AT-350<\/span><\/label><\/span><span class=\"wpcf7-list-item\"><label><input type=\"checkbox\" name=\"wybor-modelu[]\" value=\"Linkx TG-201\" \/><span class=\"wpcf7-list-item-label\">Linkx TG-201<\/span><\/label><\/span><span class=\"wpcf7-list-item\"><label><input type=\"checkbox\" name=\"wybor-modelu[]\" value=\"Maytel Grand Multicom 2.4G\" \/><span class=\"wpcf7-list-item-label\">Maytel Grand Multicom 2.4G<\/span><\/label><\/span><span class=\"wpcf7-list-item\"><label><input type=\"checkbox\" name=\"wybor-modelu[]\" value=\"mGuide Aqua\" \/><span class=\"wpcf7-list-item-label\">mGuide Aqua<\/span><\/label><\/span><span class=\"wpcf7-list-item\"><label><input type=\"checkbox\" name=\"wybor-modelu[]\" value=\"mGuide DLR-01\" \/><span class=\"wpcf7-list-item-label\">mGuide DLR-01<\/span><\/label><\/span><span class=\"wpcf7-list-item\"><label><input type=\"checkbox\" name=\"wybor-modelu[]\" value=\"mGuide DLR-02\" \/><span class=\"wpcf7-list-item-label\">mGuide DLR-02<\/span><\/label><\/span><span class=\"wpcf7-list-item\"><label><input type=\"checkbox\" name=\"wybor-modelu[]\" value=\"mGuide GST\" \/><span class=\"wpcf7-list-item-label\">mGuide GST<\/span><\/label><\/span><span class=\"wpcf7-list-item\"><label><input type=\"checkbox\" name=\"wybor-modelu[]\" value=\"mGuide Pellegrino Easy\" \/><span class=\"wpcf7-list-item-label\">mGuide Pellegrino Easy<\/span><\/label><\/span><span class=\"wpcf7-list-item\"><label><input type=\"checkbox\" name=\"wybor-modelu[]\" value=\"Okayo C200\" \/><span class=\"wpcf7-list-item-label\">Okayo C200<\/span><\/label><\/span><span class=\"wpcf7-list-item\"><label><input type=\"checkbox\" name=\"wybor-modelu[]\" value=\"Okayo CON-9\" \/><span class=\"wpcf7-list-item-label\">Okayo CON-9<\/span><\/label><\/span><span class=\"wpcf7-list-item\"><label><input type=\"checkbox\" name=\"wybor-modelu[]\" value=\"Okayo EarME FIT\" \/><span class=\"wpcf7-list-item-label\">Okayo EarME FIT<\/span><\/label><\/span><span class=\"wpcf7-list-item\"><label><input type=\"checkbox\" name=\"wybor-modelu[]\" value=\"Okayo EarME FIT + Player\" \/><span class=\"wpcf7-list-item-label\">Okayo EarME FIT + Player<\/span><\/label><\/span><span class=\"wpcf7-list-item\"><label><input type=\"checkbox\" name=\"wybor-modelu[]\" value=\"Okayo EarME GO\" \/><span class=\"wpcf7-list-item-label\">Okayo EarME GO<\/span><\/label><\/span><span class=\"wpcf7-list-item\"><label><input type=\"checkbox\" name=\"wybor-modelu[]\" value=\"Okayo EZTour\" \/><span class=\"wpcf7-list-item-label\">Okayo EZTour<\/span><\/label><\/span><span class=\"wpcf7-list-item\"><label><input type=\"checkbox\" name=\"wybor-modelu[]\" value=\"Okayo FreeCom\" \/><span class=\"wpcf7-list-item-label\">Okayo FreeCom<\/span><\/label><\/span><span class=\"wpcf7-list-item\"><label><input type=\"checkbox\" name=\"wybor-modelu[]\" value=\"Okayo OTG-102\" \/><span class=\"wpcf7-list-item-label\">Okayo OTG-102<\/span><\/label><\/span><span class=\"wpcf7-list-item\"><label><input type=\"checkbox\" name=\"wybor-modelu[]\" value=\"Okayo OTG-200\" \/><span class=\"wpcf7-list-item-label\">Okayo OTG-200<\/span><\/label><\/span><span class=\"wpcf7-list-item\"><label><input type=\"checkbox\" name=\"wybor-modelu[]\" value=\"Okayo WaveTalk\" \/><span class=\"wpcf7-list-item-label\">Okayo WaveTalk<\/span><\/label><\/span><span class=\"wpcf7-list-item\"><label><input type=\"checkbox\" name=\"wybor-modelu[]\" value=\"Okayo WT-300D\" \/><span class=\"wpcf7-list-item-label\">Okayo WT-300D<\/span><\/label><\/span><span class=\"wpcf7-list-item last\"><label><input type=\"checkbox\" name=\"wybor-modelu[]\" value=\"Okayo WT-350D\" \/><span class=\"wpcf7-list-item-label\">Okayo WT-350D<\/span><\/label><\/span><\/span><\/span>\n\n<br \/>Der Vertrag tritt in Kraft, sobald die Kaution eingegangen ist und die Versandkosten (falls zutreffend) bezahlt wurden.<br \/>\nMEXPO sendet dem KUNDEN nach Eingang der Bestellung eine Zahlungsaufforderung und\/oder Proforma-Rechnung zu.\n<br \/><br \/>\n<span><span class=\"wpcf7-form-control-wrap\" data-name=\"zgodanaOW\"><span class=\"wpcf7-form-control wpcf7-acceptance\"><span class=\"wpcf7-list-item\"><input type=\"checkbox\" name=\"zgodanaOW\" value=\"1\" aria-invalid=\"false\" \/><\/span><\/span><\/span> Ich akzeptiere die <b><a href=\"https:\/\/mexpo.eu\/wp-content\/uploads\/2025\/09\/OWU-testy-2022.pdf\" target=\"_blank\">Allgemeinen Bedingungen f\u00fcr die Ausleihe von Mexpo-Testger\u00e4ten<\/a><\/b><\/span><br \/>\n<span><span class=\"wpcf7-form-control-wrap\" data-name=\"akceptacjacen\"><span class=\"wpcf7-form-control wpcf7-acceptance\"><span class=\"wpcf7-list-item\"><input type=\"checkbox\" name=\"akceptacjacen\" value=\"1\" aria-invalid=\"false\" \/><\/span><\/span><\/span> Mir sind die Einzelpreise der Ger\u00e4te bekannt, die ich f\u00fcr die Tests erhalte. Mir ist die erforderliche Kautionssumme, der Versandpreis sowie die R\u00fcckgabefrist bekannt.<\/span><br \/>\n<span><span class=\"wpcf7-form-control-wrap\" data-name=\"kaucja\"><span class=\"wpcf7-form-control wpcf7-acceptance\"><span class=\"wpcf7-list-item\"><input type=\"checkbox\" name=\"kaucja\" value=\"1\" aria-invalid=\"false\" \/><\/span><\/span><\/span> Ich habe die <b><a href=\"https:\/\/mexpo.eu\/informacja-o-utracie-kaucji-za-testowany-sprzet\/\" target=\"_blank\" class=\"info-link\">Information zum Verlust der Kaution<\/a><\/b> gelesen und akzeptiere deren Bedingungen. <strong style=\"color: red;\">Um dieses Feld zu markieren, m\u00fcssen Sie zuerst auf den Link klicken und die dort enthaltenen Informationen lesen.<\/strong><\/span><br \/>\n\n<input class=\"wpcf7-form-control wpcf7-submit has-spinner\" type=\"submit\" value=\"BESTELLEN\" \/><\/div><div class=\"wpcf7-response-output\" aria-hidden=\"true\"><\/div>\n<\/form>\n<\/div>\n[\/vc_column][\/vc_row]<\/p>\n<\/div>","protected":false},"excerpt":{"rendered":"<p>[vc_row][vc_column][\/vc_column][\/vc_row]<\/p>\n","protected":false},"author":1,"featured_media":0,"parent":0,"menu_order":0,"comment_status":"closed","ping_status":"closed","template":"","meta":{"_acf_changed":false,"footnotes":""},"class_list":["post-67350","page","type-page","status-publish","hentry"],"acf":[],"_links":{"self":[{"href":"https:\/\/mexpo.eu\/de\/wp-json\/wp\/v2\/pages\/67350","targetHints":{"allow":["GET"]}}],"collection":[{"href":"https:\/\/mexpo.eu\/de\/wp-json\/wp\/v2\/pages"}],"about":[{"href":"https:\/\/mexpo.eu\/de\/wp-json\/wp\/v2\/types\/page"}],"author":[{"embeddable":true,"href":"https:\/\/mexpo.eu\/de\/wp-json\/wp\/v2\/users\/1"}],"replies":[{"embeddable":true,"href":"https:\/\/mexpo.eu\/de\/wp-json\/wp\/v2\/comments?post=67350"}],"version-history":[{"count":2,"href":"https:\/\/mexpo.eu\/de\/wp-json\/wp\/v2\/pages\/67350\/revisions"}],"predecessor-version":[{"id":67359,"href":"https:\/\/mexpo.eu\/de\/wp-json\/wp\/v2\/pages\/67350\/revisions\/67359"}],"wp:attachment":[{"href":"https:\/\/mexpo.eu\/de\/wp-json\/wp\/v2\/media?parent=67350"}],"curies":[{"name":"wp","href":"https:\/\/api.w.org\/{rel}","templated":true}]}}