{"id":53880,"date":"2025-06-24T12:44:16","date_gmt":"2025-06-24T10:44:16","guid":{"rendered":"https:\/\/mguide.eu\/polnisches-unternehmen\/"},"modified":"2025-06-24T12:44:16","modified_gmt":"2025-06-24T10:44:16","slug":"polnisches-unternehmen","status":"publish","type":"page","link":"https:\/\/mexpo.eu\/de\/polnisches-unternehmen\/","title":{"rendered":"Setzen Sie auf ein polnisches Unternehmen \u2013 eine Entscheidung, die sich auszahlt!"},"content":{"rendered":"<div class=\"wpb-content-wrapper\"><p>[vc_row][vc_column][vc_column_text css=&#8221;&#8221;]Der globale Markt, das Internet, er\u00f6ffnet zahllose M\u00f6glichkeiten der Wahl von Lieferanten und Produkte \u2013 manchmal von dem anderen Ende der Welt. Einige dieser Optionen k\u00f6nnen sich als wettbewerbsf\u00e4hig verstehen, manchmal ist diese Konkurrenzf\u00e4higkeit nur scheinbar. Bei Mexpo glauben wir an den <strong>Wert des lokalen Unternehmertums <\/strong>und wollen, dass Sie sich bei Kauf bei uns sicher f\u00fchlen.<\/p>\n<p><span style=\"font-size: medium;\"><strong>Warum ist ein Polnisches Unternehmen wie unser anstelle von internationalen Verkaufsplattformen zu w\u00e4hlen?<\/strong><\/span>[\/vc_column_text][\/vc_column][\/vc_row][vc_row equal_height=&#8221;yes&#8221; content_placement=&#8221;middle&#8221; css=&#8221;.vc_custom_1750762887303{margin-top: 50px !important;}&#8221;][vc_column width=&#8221;1\/6&#8243;][vc_single_image image=&#8221;53826&#8243; img_size=&#8221;&#8221; alignment=&#8221;right&#8221; css=&#8221;&#8221;][\/vc_column][vc_column width=&#8221;5\/6&#8243;][vc_custom_heading text=&#8221;Kaufsicherheit und -Zuverl\u00e4ssigkeit&#8221; font_container=&#8221;tag:h2|font_size:18|text_align:left&#8221; google_fonts=&#8221;font_family:Open%20Sans%3A300%2C300italic%2Cregular%2Citalic%2C600%2C600italic%2C700%2C700italic%2C800%2C800italic|font_style:700%20bold%20regular%3A700%3Anormal&#8221; css=&#8221;&#8221;][vc_column_text css=&#8221;&#8221;]Wir sind ein eingetragenes Polnisches Unternehmen, das in voller \u00dcbereinstimmung mit dem Polnischen Recht arbeitet. Dies bedeutet <strong>vollen Schutz Ihrer Verbraucherrechte<\/strong>, einfache Kontaktm\u00f6glichkeiten und transparente R\u00fcckgabe- und Reklamationsregeln. Sie brauchen keine Angst vor komplizierten Verfahren mit internationalen Zwischenh\u00e4ndlern haben.[\/vc_column_text][\/vc_column][\/vc_row][vc_row equal_height=&#8221;yes&#8221; content_placement=&#8221;middle&#8221; css=&#8221;.vc_custom_1750762892369{margin-top: 30px !important;}&#8221;][vc_column width=&#8221;1\/6&#8243;][vc_single_image image=&#8221;53841&#8243; img_size=&#8221;&#8221; alignment=&#8221;right&#8221; css=&#8221;&#8221;][\/vc_column][vc_column width=&#8221;5\/6&#8243;][vc_custom_heading text=&#8221;Lagerhaus in Polen = schnelle Lieferung&#8221; font_container=&#8221;tag:h2|font_size:18|text_align:left&#8221; google_fonts=&#8221;font_family:Open%20Sans%3A300%2C300italic%2Cregular%2Citalic%2C600%2C600italic%2C700%2C700italic%2C800%2C800italic|font_style:700%20bold%20regular%3A700%3Anormal&#8221; css=&#8221;&#8221;][vc_column_text css=&#8221;&#8221;]Alle bei unserem Store erh\u00e4ltlichen Produkte <strong>sind in unserem Polnischen Lagerhaus auf Lager vorhanden<\/strong>. Vergessen Sie lange Wartezeiten auf Pakete aus weit entfernten L\u00e4ndern! Die von Ihnen bestellten Produkte kommen schnell ans Ziel ohne versteckte Zollgeb\u00fchren oder zus\u00e4tzliche \u00dcberraschungen.[\/vc_column_text][\/vc_column][\/vc_row][vc_row equal_height=&#8221;yes&#8221; content_placement=&#8221;middle&#8221; css=&#8221;.vc_custom_1750762898110{margin-top: 30px !important;}&#8221;][vc_column width=&#8221;1\/6&#8243;][vc_single_image image=&#8221;53835&#8243; img_size=&#8221;&#8221; alignment=&#8221;right&#8221; css=&#8221;&#8221;][\/vc_column][vc_column width=&#8221;5\/6&#8243;][vc_custom_heading text=&#8221;Professioneller Service und technische Hilfe in Polen&#8221; font_container=&#8221;tag:h2|font_size:18|text_align:left&#8221; google_fonts=&#8221;font_family:Open%20Sans%3A300%2C300italic%2Cregular%2Citalic%2C600%2C600italic%2C700%2C700italic%2C800%2C800italic|font_style:700%20bold%20regular%3A700%3Anormal&#8221; css=&#8221;&#8221;][vc_column_text css=&#8221;&#8221;]Erfordert das Produkt Service, oder wenn Sie Fragen haben, ist unser Service-Team vor Ort, in Polen. Dadurch wird schnelle und wirksame Hilfe gew\u00e4hrleistet, ohne dass die Ger\u00e4te ins Ausland geschickt werden m\u00fcssten und ohne Sprach- und auch oft Kulturbarrieren. Sie Sprechen mit uns auf Polnisch und auf Englisch sind sich dessen sicher, dass Ihre Meldung dringend in Bearbeitung genommen wird.[\/vc_column_text][\/vc_column][\/vc_row][vc_row equal_height=&#8221;yes&#8221; content_placement=&#8221;middle&#8221; css=&#8221;.vc_custom_1750762904378{margin-top: 30px !important;}&#8221;][vc_column width=&#8221;1\/6&#8243;][vc_single_image image=&#8221;53847&#8243; img_size=&#8221;&#8221; alignment=&#8221;right&#8221; css=&#8221;&#8221;][\/vc_column][vc_column width=&#8221;5\/6&#8243;][vc_custom_heading text=&#8221;Unterst\u00fctzung der Polnischen Wirtschaft&#8221; font_container=&#8221;tag:h2|font_size:18|text_align:left&#8221; google_fonts=&#8221;font_family:Open%20Sans%3A300%2C300italic%2Cregular%2Citalic%2C600%2C600italic%2C700%2C700italic%2C800%2C800italic|font_style:700%20bold%20regular%3A700%3Anormal&#8221; css=&#8221;&#8221;][vc_column_text css=&#8221;&#8221;]Jeder Einkauf in unserem Store bedeutet Unterst\u00fctzung<strong> des Polnischen Arbeitsmarktes, der lokalen Lieferanten und des Staatsschatzes<\/strong>. Dies stellt Ihren ganz echten Beitrag zur Entwicklung des lokalen Unternehmertums und der wirtschaftlichen St\u00e4rke.[\/vc_column_text][\/vc_column][\/vc_row][vc_row equal_height=&#8221;yes&#8221; content_placement=&#8221;middle&#8221; css=&#8221;.vc_custom_1750762916650{margin-top: 30px !important;}&#8221;][vc_column width=&#8221;1\/6&#8243;][vc_single_image image=&#8221;53853&#8243; img_size=&#8221;&#8221; alignment=&#8221;right&#8221; css=&#8221;&#8221;][\/vc_column][vc_column width=&#8221;5\/6&#8243;][vc_custom_heading text=&#8221;Verantwortung und Vertrauen&#8221; font_container=&#8221;tag:h2|font_size:18|text_align:left&#8221; google_fonts=&#8221;font_family:Open%20Sans%3A300%2C300italic%2Cregular%2Citalic%2C600%2C600italic%2C700%2C700italic%2C800%2C800italic|font_style:700%20bold%20regular%3A700%3Anormal&#8221; css=&#8221;&#8221;][vc_column_text css=&#8221;&#8221;]Als ein Polnisches Unternehmen st\u00fctzen wir unseren Ruf auf <strong>Vertrauen und Verantwortung<\/strong>. Wir sch\u00e4tzen langfristige Beziehungen mit unseren Kunden und stehen auf hohe Service- und Produktqualit\u00e4t seit bereits 25 Jahren.[\/vc_column_text][\/vc_column][\/vc_row][vc_row css=&#8221;.vc_custom_1750758492750{margin-top: 50px !important;}&#8221;][vc_column][vc_column_text css=&#8221;&#8221;]<span style=\"font-size: medium;\"><strong>W\u00e4hlen Sie Mexpo und unsere Marke mGuide, so w\u00e4hlen Sie Sicherheit, Komfort, und unterst\u00fctzen Sie Polen. Wir bedanken uns f\u00fcr Ihr Vertrauen!<\/strong><\/span>[\/vc_column_text][\/vc_column][\/vc_row]<\/p>\n<\/div>","protected":false},"excerpt":{"rendered":"<p>[vc_row][vc_column][vc_column_text css=&#8221;&#8221;]Der globale Markt, das Internet, er\u00f6ffnet zahllose M\u00f6glichkeiten der Wahl von Lieferanten und Produkte \u2013 manchmal von dem anderen Ende der Welt. Einige dieser Optionen k\u00f6nnen sich als wettbewerbsf\u00e4hig<\/p>\n","protected":false},"author":338,"featured_media":0,"parent":0,"menu_order":0,"comment_status":"closed","ping_status":"closed","template":"","meta":{"_acf_changed":false,"footnotes":""},"class_list":["post-53880","page","type-page","status-publish","hentry"],"acf":[],"_links":{"self":[{"href":"https:\/\/mexpo.eu\/de\/wp-json\/wp\/v2\/pages\/53880","targetHints":{"allow":["GET"]}}],"collection":[{"href":"https:\/\/mexpo.eu\/de\/wp-json\/wp\/v2\/pages"}],"about":[{"href":"https:\/\/mexpo.eu\/de\/wp-json\/wp\/v2\/types\/page"}],"author":[{"embeddable":true,"href":"https:\/\/mexpo.eu\/de\/wp-json\/wp\/v2\/users\/338"}],"replies":[{"embeddable":true,"href":"https:\/\/mexpo.eu\/de\/wp-json\/wp\/v2\/comments?post=53880"}],"version-history":[{"count":0,"href":"https:\/\/mexpo.eu\/de\/wp-json\/wp\/v2\/pages\/53880\/revisions"}],"wp:attachment":[{"href":"https:\/\/mexpo.eu\/de\/wp-json\/wp\/v2\/media?parent=53880"}],"curies":[{"name":"wp","href":"https:\/\/api.w.org\/{rel}","templated":true}]}}