{"id":15250,"date":"2018-08-30T17:01:05","date_gmt":"2018-08-30T17:01:05","guid":{"rendered":"https:\/\/mguide.eu\/?page_id=15250"},"modified":"2025-02-15T10:59:22","modified_gmt":"2025-02-15T10:59:22","slug":"mitteilung-ueber-die-einfuehrung-der-dsgvo-datenschutz-grundverordnung","status":"publish","type":"page","link":"https:\/\/mexpo.eu\/de\/mitteilung-ueber-die-einfuehrung-der-dsgvo-datenschutz-grundverordnung\/","title":{"rendered":"Mitteilung \u00fcber die Einf\u00fchrung  der DSGVO (Datenschutz-Grundverordnung)"},"content":{"rendered":"<div class=\"wpb-content-wrapper\"><p>[vc_row][vc_column][vc_column_text css=&#8221;&#8221;]Seit dem 25. Mai 2018 gelten die Vorschriften der Verordnung des Europ\u00e4ischen Parlaments und des Rates (EU) 2016\/679 vom 27. April 2016 zum Schutz nat\u00fcrlicher Personen bei der Verarbeitung personenbezogener Daten, zum freien Datenverkehr und zur Aufhebung der Richtlinie 95\/46\/EG (Datenschutz-Grundverordnung \u201eDSGVO\u201d) \u00fcber den Schutz personenbezogener Daten; an diesem Tag tritt auch das Gesetz zur Einf\u00fchrung der DSGVO vom 10. Mai 2018 \u00fcber den Schutz personenbezogener Daten (GBl. 2018 Pos. 1000 m.\u00c4.) in Kraft.<\/p>\n<p>Um die \u00dcbereinstimmung mit den DSGVO-Vorschriften nachweisen zu k\u00f6nnen, haben wir die <a href=\"https:\/\/de.mguide.eu\/allgemeine-geschaeftsbedingungen\/\">Ordnung<\/a> und die mit ihr verbundene <a href=\"https:\/\/de.mguide.eu\/datenschutzerklaerung\/\">Datenschutzerkl\u00e4rung<\/a> aktualisiert. Die Internetseiten mguide.eu bleiben unver\u00e4ndert. Die \u00c4nderungen in der Ordnung, darunter in der neuen Datenschutzerkl\u00e4rung, wurden eingef\u00fchrt, um Ihnen zum einen umfassendes Wissen \u00fcber die Nutzung der Internetseiten mguide.eu. zu vermitteln, und zum anderen diese Nutzung komfortabel zu gestalten. Um Ihnen die Informationen \u00fcber die Verarbeitung personenbezogener Daten klar und transparent zu \u00fcbermitteln, haben wir die Datenschutzerkl\u00e4rung in einige Abschnitte aufgeteilt. In einzelnen Abschnitten beschreiben wir detailliert, welche personenbezogene Daten wir besitzen und wie sie genutzt werden k\u00f6nnen. Wir haben auch Informationen \u00fcber Ihre Rechte hinzugef\u00fcgt, z.B. wie Sie den Zugang zu Ihren Daten erlangen k\u00f6nnen und dass Sie das Unterlassen ihrer Nutzung verlangen k\u00f6nnen.<\/p>\n<p>Wir empfehlen Ihnen, sich vor Eintritt der Internetseiten mit der aktualisierten <a href=\"https:\/\/de.mguide.eu\/allgemeine-geschaeftsbedingungen\/\">Ordnung<\/a> und der neuen <a href=\"https:\/\/de.mguide.eu\/datenschutzerklaerung\/\">Datenschutzerkl\u00e4rung<\/a>, in denen die Methode zur Sammlung, Inanspruchnahme und Bereitstellung personenbezogener Daten der Benutzer der Webseiten beschrieben wurden, sowie mit folgenden Informationen vertraut zu machen. Durch Anklicken der Schaltfl\u00e4che \u201eIch erkl\u00e4re mich damit einverstanden, den Service auf diese Webseite zu nutzen\u201d erteilen Sie Ihre Zustimmung f\u00fcr nachfolgende Bestimmungen, darunter Sie nehmen zur Kenntnis, dass die Nutzung der Webseiten mguide.eu die automatische Speicherung der sog. Cookies auf dem von Ihnen genutzten Ger\u00e4t verursacht, und somit erteilen Sie Ihre Zustimmung f\u00fcr die Verarbeitung personenbezogener Daten, die w\u00e4hrend der Nutzung der Webseiten mguide.eu gelassen werden, sowie anderer in den Cookies gespeicherten Daten (wie z.B. IP-Nr. auf unseren Ger\u00e4ten) zu Ausbildungs- und Marketingzwecken, darunter f\u00fcr die Zusammenstellung von Profiling, und zu Analysezwecken durch den Verantwortlichen d.h. Mexpo Sp. z o.o. und den Vertrauensw\u00fcrdigen Partnern.<\/p>\n<p>Falls Sie unsere Internetseiten mguide.eu nutzen und Sie keine selbstst\u00e4ndigen \u00c4nderungen in Ihrem Browser im Bereich der Cookies vornehmen (z.B. Sie sperren solche nicht), so bedeutet dies, dass sie in Ihrem Ger\u00e4t automatisch gespeichert werden. <a href=\"https:\/\/de.mguide.eu\/cookie-richtlinie\/\">Klicken Sie Mehr<\/a>, um mehr Informationen dar\u00fcber zu bekommen, darunter wie Sie die Cookies verwalten oder sperren k\u00f6nnen, sofern Sie keine Zustimmungen f\u00fcr die Verarbeitung Ihrer personenbezogenen Daten, die in Cookies gespeichert werden, von uns oder unseren Vertrauensw\u00fcrdigen Partnern erteilen.<\/p>\n<p>Fall Sie Fragen oder Zweifeln haben, setzen Sie sich mit unserem Datenschutzbeauftragen in Verbindung.<\/p>\n<p style=\"text-align: center;\"><strong>Wer ist der Verantwortliche?<\/strong><\/p>\n<p>Der Verantwortliche ist der Dienstleister, d.h. Mexpo Sp. z o.o., ul. Pu\u0142askiego 8, 81-368 Gda\u0144sk, NIP: 5862383378, REGON: 522801670, KRS: 0000984479. Um die Webseiten mguide.eu professionell zu verarbeiten, zu sch\u00fctzen und ihre Zuverl\u00e4ssigkeit zu gew\u00e4hrleisten, arbeiten wir mit den Vertrauensw\u00fcrdigen Lieferanten zusammen. Alle Ihren Daten werden auf dem Server unseres Vertrauensw\u00fcrdigen Partners, d.h. mSerwis gesichert und gespeichert.<\/p>\n<p style=\"text-align: center;\"><strong>Datenschutzbeauftragter<\/strong><\/p>\n<p>Um die Sicherheit der Verarbeitung Ihrer personenbezogenen Daten auf rechtm\u00e4\u00dfige und nachvollziehbare Weise zu gew\u00e4hrleisten, haben wir einen Datenschutzbeauftragten bestellt. Mit dem Datenschutzbeauftragten k\u00f6nnen Sie sich in allen Angelegenheiten in Verbindung setzen, die mit der Verarbeitung personenbezogener Daten und der Inanspruchnahme der damit verbundenen Rechten zusammenh\u00e4ngen. Falls Sie sich mit dem Datenschutzbeauftragten in Verbindung setzen m\u00f6chten, verwenden Sie bitte die nachstehend angegebenen Kontaktdaten:<\/p>\n<p>E-Mail: ido@mguide.eu<br \/>\nKorrespondenzanschrift: Mexpo Sp. z o.o., ul. Pu\u0142askiego 8, 81-368 Gdynia<\/p>\n<p style=\"text-align: center;\"><strong>Welche Informationen \u00fcber Sie (personenbezogene Daten) verarbeiten wir?<\/strong><\/p>\n<p>Wir verarbeiten die Daten, die Sie w\u00e4hrend der Nutzung unserer Dienstleistungen angegeben bzw. gelassen haben, darunter die in Cookies gespeicherten Daten, die auf den Webseiten mguide.eu installiert werden.<\/p>\n<p>Diese Daten sind haupts\u00e4chlich die Daten, welche Ihnen die vollumf\u00e4ngliche Nutzung der Internetseiten mguide.eu erm\u00f6glichen, darunter die Daten, die zur Erbringung der Dienstleistungen erforderlich sind: Vor- und Nachname, Ursprungsland, E-Mail-Adresse, Telefonnummer, d.h. das sind die Daten, die in den Formularen und Fenstern f\u00fcr unsere Dienstleistungen zug\u00e4nglich sind sowie die Daten, die von Ihnen w\u00e4hrend des Besuchs der Internetseiten gelassen werden, d.h.: die von Ihnen in den Cookies gelassenen Daten, wie z.B. Ihre IP-Nr., Informationen, wie oft und wann Sie die Internetseiten mguide.eu besucht haben sowie welche Inhalten in den Internetseiten mguide.eu Sie gesehen haben.<\/p>\n<p style=\"text-align: center;\"><strong>Grundlage und Zweck der Verarbeitung personenbezogener Daten<\/strong><\/p>\n<p>Die Verarbeitung personenbezogener Daten von uns bedarf immer einer ausdr\u00fccklichen Rechtsgrundlage. DSGVO sieht einige Arten dieser Rechtsgrundlagen f\u00fcr die Verarbeitung personenbezogener Daten vor, und im Falle des Besuchs der Internetseiten mguide.eu, darunter der Nutzung unserer Dienstleistungen treten grunds\u00e4tzlich 3 von ihnen auf.<\/p>\n<p>Erstens, wir verarbeiten Ihre personenbezogenen Daten zur Erf\u00fcllung der mit Ihnen abgeschlossenen Vertr\u00e4ge, darunter damit Sie die Dienstleistungen nutzen und wir diese f\u00fcr Sie erbringen k\u00f6nnen. Die Rechtsgrundlage f\u00fcr die Verarbeitung personenbezogener Daten stellt Art. 6 Abs. 1 Buch. b) DSGVO dar, der besagt, dass die Verarbeitung f\u00fcr die Erf\u00fcllung eines Vertrags erforderlich ist, dessen Vertragspartei der Leistungsempf\u00e4nger &#8211; Sie &#8211; ist. Die Verarbeitung auf dieser Grundlage bezieht sich auf die Erf\u00fcllung der Vertr\u00e4ge \u00fcber die Erbringung der Dienstleistungen, die durch vollumf\u00e4ngliche Nutzung der Internetseiten mguide.eu und durch die vollst\u00e4ndige Nutzung der Inhalte auf den Internetseiten mguide.eu abgeschlossen werden, ohne einige personenbezogene Daten anzugeben, d.h. die nicht zum Abschluss des Vertrages f\u00fchren (die Nutzung der Internetseiten stellt den Abschluss eines Vertrages dar, dessen Inhalt die Ordnung bestimmt), darunter auch Pr\u00fcfung von Reklamationen, Anpassung von Dienstleistungen an Ihre Bed\u00fcrfnisse, Analyse und Verbesserung von Dienstleistungen sowie Gew\u00e4hrleistung der Sicherstellung der Dienstleistungen.<\/p>\n<p>Zweitens, wir verarbeiten Ihre personenbezogenen Daten zur Sammlung und Verarbeitung der zusammengestellten Daten f\u00fcr Statistikzwecke sowie zur Verbesserung der Qualit\u00e4t und Inhalte unserer Dienstleistungen (darunter Analyse und Profiling der Daten f\u00fcr Forschungs- und Marketingzwecke). Die Rechtsgrundlage f\u00fcr die Verarbeitung personenbezogener Daten stellt Art. 6 Abs. 1 Buch. f) DSGVO dar, d.h. Wahrung der berechtigten Interessen des Verantwortlichen (Dienstleister), d.h. unsere Interesse.<\/p>\n<p>Unser berechtigtes Interesse beruht auf der Notwendigkeit, die Inhalte der Internetseiten an die Pr\u00e4ferenzen der Dienstleistungsempf\u00e4nger anzupassen, sowie die Nutzung der Internetseiten zu optimieren und Statistiken zu erstellen, welche die Grundlage f\u00fcr die Durchf\u00fchrung von Analysen darstellen, wie Sie und andere Dienstleistungsempf\u00e4nger die Webseiten nutzen und auf welcher Grundlage dies erfolgt, u.a. um solche Inhalte in einer Form vorzubereiten, die sich des gr\u00f6\u00dften Interesses erfreut und dem Bedarf am besten entspricht.<\/p>\n<p>Drittens, wir verarbeiten Ihre personenbezogenen Daten und stellen sie so zusammen, dass wir unserem Aus\u00fcbungsauftrag durch Formen des Marketings nachkommen k\u00f6nnen, welche unsere Dienstleistungen und die unserer Vertrauensw\u00fcrdigen Partner bewerben (darunter Analyse und Profiling der Daten von Gruppen der Benutzer zu Ausbildungs- und Marketingzwecken). Die Rechtsgrundlage f\u00fcr die Verarbeitung personenbezogener Daten stellt Art. 6 Abs. 1 Buch. a) DSGVO dar, d.h. Ihre freiwillige, ausdr\u00fcckliche Zustimmung f\u00fcr diese Verarbeitung.<\/p>\n<p style=\"text-align: center;\"><strong>Zeitraum, in dem die Daten verarbeitet werden<\/strong><\/p>\n<p>Ihre personenbezogenen Daten werden in und nach der Laufzeit des Vertrages \u00fcber die Erbringung der Dienstleistungen verarbeitet, damit die Parteien ihre aus dem Vertrag hervorgehenden Leistungen und Pflichten abrechnen k\u00f6nnen, bis die in den Vorschriften vorgesehene Verj\u00e4hrungsfrist der Forderungen aus solchem Vertrag abl\u00e4uft, die sowohl dem Dienstleister (Verantwortlichen) als auch dem Dienstleistungsempf\u00e4nger zustehen, und im Bereich der steuerlichen Abrechnungen \u00fcber den Zeitraum der Verj\u00e4hrung der steuerlichen Verbindlichkeiten, die aus den zurzeit geltenden Rechtsvorschriften hervorgehen (zurzeit betr\u00e4gt die Verj\u00e4hrungsfrist in Polen 5 Jahre nach Beendigung des Steuerjahres, in dem die Steuer aus den f\u00fcr Sie erbrachten Dienstleistungen f\u00e4llig war).<\/p>\n<p>Die Daten, welche aufgrund unserer berechtigten Interessen verarbeitet werden, werden wir bis zu Ihrer eventuellen Anmeldung des wirksamen Widerspruchs verarbeiten.<\/p>\n<p>Die von uns aufgrund Ihrer Zustimmung verarbeiteten Daten werden wir aber lediglich bis zum Zeitpunkt verarbeiten, bis Sie die erteilte Zustimmung widerrufen oder den Vertrag aufl\u00f6sen.<\/p>\n<p>Auch das von Ihnen in Anspruch genommene Recht auf Vergessenwerden wird zur L\u00f6schung Ihrer Daten auf Ihr ausdr\u00fcckliches Verlangen f\u00fchren.<\/p>\n<p style=\"text-align: center;\"><strong>Wer hat den Zugang zu Ihren personenbezogenen Daten?<\/strong><\/p>\n<p>Ihre personenbezogenen Daten werden wir niemals weitergeben, verkaufen oder mit anderen Unternehmen tauschen &#8211; auch nicht zu Marketingzwecken. Ihre Daten werden lediglich an unsere Vertrauensw\u00fcrdigen Partner \u00fcbermittelt, d.h. an externe Firmen, die auf unseren Auftrag handeln, u.a. Lieferanten der IT-Dienstleistungen Die an externe Unternehmen (\u201eVertrauensw\u00fcrdige Partner\u201c) \u00fcbermittelten Daten werden zur Erbringung unserer Dienstleistungen an Sie bzw. zur Erf\u00fcllung der mit Ihnen abgeschlossenen Vertr\u00e4ge genutzt (z.B. Abnahme der Ger\u00e4te oder Zahlungsabwicklung). Die Vertrauensw\u00fcrdigen Partner verarbeiten aber die Daten aufgrund der mit uns abgeschlossenen Vertr\u00e4ge und ausschlie\u00dflich gem\u00e4\u00df unseren Anweisungen, unserer Datenschutzerkl\u00e4rung und Standards der Informationssicherheit.<\/p>\n<p>Ferner k\u00f6nnen Ihre Daten an Unternehmen, die zu deren Erlangung aufgrund des geltenden Rechts, berechtigt sind, an Beh\u00f6rden, Organe, die zur Verarbeitung der Daten aufgrund besonderer Vorschriften berechtigt sind, z.B. Strafverfolgungsbeh\u00f6rden, sofern die Beh\u00f6rde aufgrund einer bestimmten Rechtsgrundlage dies verlangen wird, \u00fcbermittelt werden.<\/p>\n<p style=\"text-align: center;\"><strong>Welche Rechte haben Sie gegen\u00fcber Ihren Daten?<\/strong><\/p>\n<p>Sie haben u.a. das Recht auf Verlangen des Zugriffs auf Daten, ihre Berichtigung, Beseitigung (Recht auf Vergessenwerden), Einschr\u00e4nkung der Verarbeitung von Daten sowie ihre \u00dcbertragung. Sie k\u00f6nnen auch einen Einspruch gegen die Verarbeitung von Daten erheben sowie die erteilte Zustimmung f\u00fcr die Verarbeitung widerrufen. Ferner haben Sie das Recht auf Einlegung einer Beschwerde bei der Aufsichtsbeh\u00f6rde (dem Pr\u00e4sidenten der Datenschutzbeh\u00f6rde (UODO), sofern Sie der Meinung sind, dass wir Ihre personenbezogenen Daten diernicht ordnungsgem\u00e4\u00df verarbeiten. Auf welche Art und Weise Sie Ihre Rechte in Anspruch nehmen k\u00f6nnen, beschreiben wir in der <a href=\"https:\/\/de.mguide.eu\/datenschutzerklaerung\/\">Datenschutzerkl\u00e4rung<\/a>.[\/vc_column_text][vc_empty_space height=&#8221;50px&#8221;][\/vc_column][\/vc_row]<\/p>\n<\/div>","protected":false},"excerpt":{"rendered":"<p>[vc_row][vc_column][vc_column_text css=&#8221;&#8221;]Seit dem 25. Mai 2018 gelten die Vorschriften der Verordnung des Europ\u00e4ischen Parlaments und des Rates (EU) 2016\/679 vom 27. April 2016 zum Schutz nat\u00fcrlicher Personen bei der Verarbeitung<\/p>\n","protected":false},"author":1,"featured_media":0,"parent":0,"menu_order":0,"comment_status":"closed","ping_status":"closed","template":"","meta":{"_acf_changed":false,"footnotes":""},"class_list":["post-15250","page","type-page","status-publish","hentry"],"acf":[],"_links":{"self":[{"href":"https:\/\/mexpo.eu\/de\/wp-json\/wp\/v2\/pages\/15250","targetHints":{"allow":["GET"]}}],"collection":[{"href":"https:\/\/mexpo.eu\/de\/wp-json\/wp\/v2\/pages"}],"about":[{"href":"https:\/\/mexpo.eu\/de\/wp-json\/wp\/v2\/types\/page"}],"author":[{"embeddable":true,"href":"https:\/\/mexpo.eu\/de\/wp-json\/wp\/v2\/users\/1"}],"replies":[{"embeddable":true,"href":"https:\/\/mexpo.eu\/de\/wp-json\/wp\/v2\/comments?post=15250"}],"version-history":[{"count":1,"href":"https:\/\/mexpo.eu\/de\/wp-json\/wp\/v2\/pages\/15250\/revisions"}],"predecessor-version":[{"id":47700,"href":"https:\/\/mexpo.eu\/de\/wp-json\/wp\/v2\/pages\/15250\/revisions\/47700"}],"wp:attachment":[{"href":"https:\/\/mexpo.eu\/de\/wp-json\/wp\/v2\/media?parent=15250"}],"curies":[{"name":"wp","href":"https:\/\/api.w.org\/{rel}","templated":true}]}}