{"id":14772,"date":"2018-09-04T15:32:26","date_gmt":"2018-09-04T13:32:26","guid":{"rendered":"https:\/\/mguide.eu\/?page_id=14772"},"modified":"2026-03-09T10:23:51","modified_gmt":"2026-03-09T09:23:51","slug":"verkaufsbedingungen","status":"publish","type":"page","link":"https:\/\/mexpo.eu\/de\/verkaufsbedingungen\/","title":{"rendered":"Versand &#038; Zahlung"},"content":{"rendered":"<div class=\"wpb-content-wrapper\"><p>[vc_row row_padding_bottom=&#8221;30&#8243;][vc_column][vc_column_text css=&#8221;&#8221;]<\/p>\n<p style=\"text-align: center;\"><strong>ALLGEMEINE VERKAUFSBEDINGUNGEN \u2013 EIN FRAGMENT AUS DEN AGB<\/strong><\/p>\n<p><span style=\"font-size: 8pt;\"><em>Die ALLGEMEINEN VERKAUFSBEDINGUNGEN stellen einen Auszug (eine Sammlung) wichtiger Daten und Bestimmungen der AGB der Online-Stores des Unternehmens Mexpo Sp\u00f3\u0142ka z ograniczon\u0105 odpowiedzialno\u015bci\u0105 dar, die unter <a href=\"https:\/\/mguide.eu\/de\/verkaufsbedingungen\/\">dem Link<\/a> abzurufen sind. Durch Zustimmung der Inhalte und der Sprache der AGB der Online-Stores von Mexpo Sp. z o. o., anerkennen Sie die Inhalte der gesamten AGB. Die vorliegenden allgemeinen Verkaufsbedingungen sind nicht die AGB der Online-Stores von Mexpo Sp. z o. o., sie stellen ausschlie\u00dflich eine eingeschr\u00e4nkte Zusammenstellung der wichtigsten Informationen \u2013 in der Meinung des Verk\u00e4ufers \u2013 die das Verkaufs- und Beschwerdeverfahren technisch zu vereinfachen haben. Die AGB der Online-Stores von Mexpo Sp. z o. o. sind f\u00fcr die Parteien verbindlich.<\/em><\/span><\/p>\n<p style=\"text-align: center;\"><strong>DER VERK\u00c4UFER<\/strong><\/p>\n<p>Der Store unter der Anschrift <a href=\"http:\/\/www.mexpo.pl\/\">mexpo.pl<\/a>, <a href=\"https:\/\/www.mguide.eu\/\">mguide.eu<\/a> ist vom Unternehmen Mexpo Sp. z o. o. mit Sitz in Gdynia, Polen (<em>der<\/em><em> Verk\u00e4ufer),<\/em> Anschrift Pu\u0142askiego 8; 81-368 Gdynia, Polen, NIP (Steuer-Identifikations)-Nr. 5862383378; REGON (statistische) Nr. 522801670; KRS (Polnisches Nationales Gerichtsregister)-Nr. 0000984479 betrieben. Unten finden Sie die Adressdaten, die es dem K\u00e4ufer erm\u00f6glichen, mit dem Verk\u00e4ufer in Kontakt zu treten:<\/p>\n<ol>\n<li>E-Mail-Adresse: mguide@mguide.eu<\/li>\n<li>Kontaktformular auf der Internetseite des Stores;<\/li>\n<li>Bankkonto: PL05 1090 1098 0000 0001 5130 7263<\/li>\n<li>SWIFT-\/ BIC-Kode: WBKPPLPP<\/li>\n<li>Bank: Santander<\/li>\n<\/ol>\n<p style=\"text-align: center;\"><strong>AUFGABE EINER BESTELLUNG BEIM MEXPO ONLINE-STORE<\/strong><\/p>\n<p>Die einfachste Methode ist die <strong>Aufgabe einer Bestellung \u00fcber den Warenkorb<\/strong><\/p>\n<p>Eine Bestellung kann folgenderma\u00dfen aufgegeben werden:<\/p>\n<ol>\n<li>Der Benutzer meldet sich bei seinem Benutzerkonto entweder mit Hilfe seiner Anmeldedaten oder durch Einsatz von Plugins z. B. von Facebook, Gmail, Twitter.<\/li>\n<li>Ohne Erstellung eines Benutzerkontos und ohne Anmeldung, unter der Vorbehalt der Angabe aller f\u00fcr die korrekte Ausf\u00fchrung der Bestellung erforderlichen Angaben \u2013 Vorname, Nachname, Postanschrift, E-Mail-Adresse zwecks Best\u00e4tigung der Bestellung, oder irgendwelche weiterf\u00fchrende Daten, die f\u00fcr die Versendung der Bestellung erforderlich w\u00e4ren, oder jegliche Daten, die f\u00fcr die Herausgabe des Kaufbelegs oder der Rechnung erforderlich w\u00e4ren \u2013 Unternehmensbezeichnung, Steuernummer, Sitzanschrift.<\/li>\n<\/ol>\n<p><strong>Bestellverfahren f\u00fcr Waren:<\/strong><\/p>\n<ul>\n<li>ausgew\u00e4hlte Waren in den Warenkorb legen; die rote Warenkorb-Taste dr\u00fccken, wodurch eine Ware in den Warenkorb gelegt wird<\/li>\n<li>die St\u00fcckzahlen der bestellten Waren angeben.<\/li>\n<li>&#8216;Checkout&#8217;-Taste unten rechts auf dem Bildschirm klicken;<\/li>\n<li>die Waren im Warenkorb be<strong>st\u00e4tigen.<\/strong><\/li>\n<\/ul>\n<p><strong>Hinweis! <\/strong>An dieser Stelle soll sich der Kunde, wenn er nicht bereits eingeloggt ist, anmelden, um die Geschichte der Bestellungen intakt zu halten, um Sonderangebote oder Rabatten, die m\u00f6glicherweise dem Kundenkonto zugewiesen worden sind, in Anspruch zu nehmen.<\/p>\n<ul>\n<li>danach ist die Art der Lieferung und der Zahlung<strong> zu w\u00e4hlen.<\/strong><\/li>\n<\/ul>\n<p><strong>Hinweis!<\/strong> Falls Sie kein Benutzerkonto erstellt haben, geben Sie die erforderlichen Daten an: Vorname, Nachname, E-Mail-Adresse, Lieferanschrift.<\/p>\n<ul>\n<li>die Vollst\u00e4ndigkeit der Daten ist zu best\u00e4tigen; der Benutzer muss die AGB des Online-Stores durch Kennzeichnung des feldes \u2612 und Auswahl <em>Bestellung Abgeben <\/em>anerkennen; die Bestellung wird durch Anklicken der Taste \u201cKaufen und Bezahlen\u201d best\u00e4tigt.<\/li>\n<li>wenn der Store die Bestellung empf\u00e4ngt, bekommen Sie per E-Mail eine Bestellungsbest\u00e4tigung, oder alternativ ein Hinweis, dass die Bestellung verworfen wurde, mit Angabe der Ursache, z. B. Produktmangel,<\/li>\n<li>zahlen Sie per \u00dcberweisung, so finden Sie die Anweisung dazu samt Kontonummer in der E-Mail-Mitteilung.<\/li>\n<li>die Rechnung wird zusammen mit den Waren geschickt.<\/li>\n<\/ul>\n<p style=\"text-align: center;\"><strong>ZAHLUNGSMODI<\/strong><\/p>\n<p>Wir bieten die folgenden Zahlungsmodi f\u00fcr die gekauften Waren an:<\/p>\n<ul>\n<li>\u00fcber externe Zahlungsdienstleister, die Auswahl von welchen auf der Internetseite des Online-Stores zu finden ist;<\/li>\n<li>Zahlung durch eine traditionelle \u00dcberweisung auf das Bankkonto des Verk\u00e4ufers, die am Anfang der Anweisung angegeben ist.<\/li>\n<\/ul>\n<p><strong>Hinweis!<\/strong> Damit die Bestellung bearbeitet werden kann, muss die innerhalb von sieben Kalendertagen gedeckt werden. Nach Ablauf der Zahlungsfrist wird die Bestellung automatisch storniert.<\/p>\n<ul>\n<li>Zahlungen durch elektronische \u00dcberweisungen und Zahlungskarten k\u00f6nnen \u00fcber externe Zahlungsdienstleister, z. B. PayU, erfolgen, wobei wir Verweise (Links) auf ihre einschl\u00e4gigen AGB angeben, damit der Benutzer sich mit diesen vor Abschluss des Vertrags mit dem Verk\u00e4ufer vertraut machen kann.<\/li>\n<li>Zahlungen k\u00f6nnen in Raten oder \u00fcber Leasing gemacht werden \u2013 Einzelheiten finden Sie in den Angeboten unserer Zahlungsdienstleis<strong>ter, entsprechend den Angaben auf unserer Internetseite.<\/strong><\/li>\n<\/ul>\n<p style=\"text-align: center;\"><strong>BANKKONTOS<\/strong><\/p>\n<p>PLN-Konto: 05 1090 1098 0000 0001 5130 7263<br \/>\nEUR-Konto: PL 34 1090 1098 0000 0001 5130 7323, WBKPPLPP<\/p>\n<p>Die Konten werden durch Santander Bank Polska verwaltet.<\/p>\n<p style=\"text-align: center;\"><strong>RECHNUNGEN<\/strong><\/p>\n<p>Die Kaufrechnung wird nach Abschluss der Zahlung erstellt, und \u00fcber E-Mail oder physikalisch zusammen mit der Bestellung geschickt.<\/p>\n<p>Bei Zahlung per \u00dcberweisung erstellt der Store auch Pro-Forma-Rechnungen<strong>.<\/strong><\/p>\n<p style=\"text-align: center;\"><strong>LIEFERKOSTEN, -FRISTEN UND -MODALIT\u00c4TEN<\/strong><\/p>\n<p>Es stehen die folgenden Liefermodi der Waren zur Verf\u00fcgung:<\/p>\n<ul>\n<li>Kurierdienst;<\/li>\n<li>pers\u00f6nliche Abholung.<\/li>\n<\/ul>\n<p>Die Lieferzeiten der Waren h\u00e4ngen von der Art der Waren, von der Verf\u00fcgbarkeit auf Lager und von anderen Gegebenheiten ab. <strong>Wir liefern die Waren \u00fcblicherweise innerhalb von drei Gesch\u00e4ftstagen, behalten uns aber das Recht zur Lieferung der Waren innerhalb von vierzehn Gesch\u00e4ftstagen vor.<\/strong><\/p>\n<ul>\n<li>Die Lieferfrist wird separat f\u00fcr alle in den Korb gelegten Waren angezeigt;<\/li>\n<li>Wenn f\u00fcr eine Ware keine besondere Lieferzeit angegeben wird, so liegt eine Lieferfrist vo sieben Gesch\u00e4ftstagen ab Aufgabe der Bestellung und ab Bezahlung vor.<\/li>\n<\/ul>\n<p><strong>Hinweis!<\/strong> Stellt es sich heraus, dass die Lieferung der Waren innerhalb der in der Bestellung angegebenen Zeit unm\u00f6glich ist, so benachrichtigen wir Sie \u00fcber die gesch\u00e4tzte Lieferfrist, wobei Sie das Recht darauf haben werden, die Bestellung zu stornieren. Sie k\u00f6nnen auch eine andere Ersatzerf\u00fcllung ausw\u00e4hlen:<\/p>\n<ul>\n<li>alternative Auswahl eines anderen \u00e4quivalenten Produkts, mit Abrechnung m\u00f6glicher Preisunterschiede;<\/li>\n<li>Geldr\u00fcckzahlung f\u00fcr die fehlenden Waren, mit Ausf\u00fchrung des \u00fcbrigen Teils der Bestellung;<\/li>\n<li>eine Frage um Zustimmung f\u00fcr eine Lieferung innerhalb einer L\u00e4ngeren Zeit als 14 Tage f\u00fcr das besondere fehlende Produkt, wobei wir die zus\u00e4tzlichen Lieferkosten decken.<\/li>\n<\/ul>\n<p>Wir k\u00f6nnen mehrere Kurierdienste vorschlagen, die die Lieferung vornehmen k\u00f6nnen, oder geben ein besonderes Lieferunternehmen, mit dem wir zusammen arbeiten, an. Unsere Internetseite gibt immer eine Angabe \u00fcber das aktuelle Angebot der Lieferdienste und der anderen Transportunternehmen, mit welchen wir zusammen arbeiten, an.<\/p>\n<ul>\n<li>Die Lieferkosten f\u00fcr die Waren tr\u00e4gt der K\u00e4ufer.<\/li>\n<li>Wir k\u00f6nnen eine Erm\u00e4\u00dfigung der Lieferkosten f\u00fcr die Waren gew\u00e4hlten, wenn ein solches Sonderangebot verf\u00fcgbar ist; Sie werden dar\u00fcber bei Aufgabe der Bestellung informiert. Lesen Sie Einzelheiten zu den Mindestbestellungen, ab welchen wir die Lieferkosten \u00fcbernehmen.<\/li>\n<\/ul>\n<p>Hinweis! Wir sind f\u00fcr keine Verz\u00f6gerungen der Lieferungen vonseiten der Kurierdienste verantwortlich.<\/p>\n<p><strong>Beachten<\/strong> <strong>Sie!<\/strong> <strong>\u00dcberpr\u00fcfen Sie den Z<\/strong><strong>ustand der Sendung beim Empfang, am besten pr\u00fcfen Sie die Vollst\u00e4ndigkeit der Bestellung in Anwesenheit des Liefernden; <\/strong>fehlen Teile oder wenn etwas besch\u00e4digt ist, schreiben sie es nieder in Anwesenheit des Liefernden, und erstellen Sie gemeinsam mit dem ein Schadensprotokoll.<\/p>\n<p><strong>Hinweis!<\/strong> Wenn Sie den Zustand des Pakets nicht sofort bei Lieferung pr\u00fcfen, und wenn die Sch\u00e4den im Transport stattgefunden haben, dann k\u00f6nnte \u2013 in vielen F\u00e4llen \u2013 eine m\u00f6gliche Beschwerde i<strong>n der Sache abgewiesen werden.<\/strong><\/p>\n<p style=\"text-align: center;\"><strong>K\u00dcNDIGUNG DES VERTRAGS, R\u00dcCKGABEN<\/strong><\/p>\n<p>Bei unserem store darf jeder K\u00e4ufer \u2013 ein Verbraucher, ein Unternehmer, eine Rechtsperson \u2013 den Vertrag innerhalb von vierzehn Tagen ab Erhalt der geschickten Waren k\u00fcndigen.<\/p>\n<ul>\n<li>zu diesem Zweck schreiben Sie an mexpo@mexpo.pl eine Willenserkl\u00e4rung \u00fcber die K\u00fcndigung des Vertrags, und geben Sie die Nummer der jeweiligen Bestellung an. Die Mitteilung soll aus der gleichen E-Mail-Box abgeschickt werden, das f\u00fcr die urspr\u00fcngliche Bestellung verwendet war;<\/li>\n<li>nach Best\u00e4tigung des Empfangs der Mitteilung verpacken Sie die Waren und schicken Sie diese an uns zur\u00fcck, auf eigene Kosten, als versicherten Sondertransport, an die Anschrift Mexpo Sp. z o. o., Pu\u0142askiego 8, 81-368 Gdynia, Polen \u2013 und h\u00e4ngen Sie eine Kopie der E-Mail-Mitteilung mit der Willenserkl\u00e4rung \u00fcber die K\u00fcndigung des Vertrags an. Die Sendung soll sofort vorgenommen werden, nicht sp\u00e4ter aber als 14 Tage ab Versendung der Willenserkl\u00e4rung \u00fcber die Vertragsk\u00fcndigung.<\/li>\n<li>Bei wirksamer K\u00fcndigung des Verkaufsvertrags erhalten Sie alle vorgenommenen Zahlungen, wie Lieferkosten, zur\u00fcck (<em>bis auf zus\u00e4tzliche Lieferkosten aus dem Grund einer individuell gew\u00e4hlten Sonderlieferung die Sie gew\u00e4hlt haben k\u00f6nnen, die sich von der einfachsten, billigsten Liefermethode des Verk\u00e4ufers unterscheiden w\u00fcrde<\/em>).<\/li>\n<li>Das Geld wird sofort zur\u00fcck \u00fcberwiesen, in jedem Fall nicht sp\u00e4ter als innerhalb von 14 Kalendertagen ab Datum des Empfangs der Kunden-Willenserkl\u00e4rung \u00fcber die Vertragsk\u00fcndigung und ab Erhalt der geschickten Waren; die R\u00fcck\u00fcberweisung wird auf die gleiche Weise, wie die urspr\u00fcngliche Zahlung, vorgenommen.<\/li>\n<\/ul>\n<p><strong>Hinweis!<\/strong> Bei K\u00fcndigung des Vertrags \u00fcbernehmen Sie die Verantwortung f\u00fcr die Reduktion des Wertes der Waren aus dem Grund der Pr\u00fcfung der Betriebsweise, z. B. Einsatz \u00fcber eine bestimmte Zeit oder Einsatz entgegen den Bestimmungen des Handbuchs. Bevor der Kunde das Geld erstattet bekommt pr\u00fcfen wir, ob die zur\u00fcck geschickten Waren neu, nicht gebraucht und nicht besch\u00e4digt sind.<\/p>\n<p>Gem. Art. 38 des Polnischen Gesetzes \u00fcber Verbraucherrechte <strong>d\u00fcrfen Sie vom Vertrag nicht zur\u00fccktreten, wenn:<\/strong><\/p>\n<ul>\n<li>der Gegenstand der Dienstleistung <strong>eine Sache ist, die in einem versiegelten Paket geschickt wurde, das nach dem \u00d6ffnen aus dem Grund des Gesundheits- oder Hygieneschutzes nicht zur\u00fcck geschickt werden kann<\/strong>, wenn die Verpackung nach Lieferung ge\u00f6ffnet wurde;<\/li>\n<li>Ausverkaufswaren (mit fehlenden Teilen, gebrauchte Waren, minderwertige Waren, Waren zweiter Qualit\u00e4tskategorie).<\/li>\n<\/ul>\n<p><strong>Hinweis!<\/strong> Wir k\u00f6nnen jede Bestellung eines Kunden, der kein Verbraucher ist, ab Unterzeichnung des Verkaufsvertrags bis zu 14 Tagen ab Datum der Zustellung der Waren stornieren.<\/p>\n<p style=\"text-align: center;\"><strong>BESCHWERDEN<\/strong><\/p>\n<p>Wir liefern fehlerfreie Waren. Wenn wir Sie aber \u00fcber jegliche Fehler vor Aufgabe der Bestellung anweisen, so d\u00fcrfen Sie diese Fehler als Begr\u00fcndung der Beschwerde nicht verwenden.<\/p>\n<p>Zeigt sich ein Fehler in einem Produkt bei dessen Einsatz, so k\u00f6nnen Sie:<\/p>\n<ol>\n<li>eine Reparatur; oder<\/li>\n<li>Ersatz<\/li>\n<\/ol>\n<p>fordern.<\/p>\n<p>Sind wir nicht imstande, eine Reparatur vorzunehmen oder einen Ersatz zu liefern, oder wenn die Kosten der Reparatur oder des Austausches zu hoch w\u00e4ren, d\u00fcrfen wir Ihre Bitte ablehnen. So k\u00f6nnen Sie dann eine Erkl\u00e4rung \u00fcber die Reduktion des Preises oder K\u00fcndigung des Vertrags einreichen.<\/p>\n<ul>\n<li>wir f\u00fchren eine Reparatur der Ware oder tauschen sie innerhalb einer vern\u00fcnftigen Zeit ab Empfang der Erkl\u00e4rung und ab Empfang der Waren aus.<\/li>\n<li>die Kosten der Wiederherstellung der \u00dcbereinstimmung der Waren mit dem Vertrag tragen wir. Sie sollen die Waren zur Verf\u00fcgung stellen \u2013 samt Lieferung \u2013 damit wir die Bitte auf unsere Kosten erf\u00fcllen.<\/li>\n<li>Sie k\u00f6nnen eine Erkl\u00e4rung \u00fcber die Preisreduktion oder Vertragsk\u00fcndigung einreichen, wenn die Waren nicht vertragskonform sind, wenn:\n<ul>\n<li>der Verk\u00e4ufer sich weigert, die Waren zu reparieren oder auszutauschen;<\/li>\n<li>der Verk\u00e4ufer stellt die \u00dcbereinstimmung der Waren mit dem Vertrag nicht her;<\/li>\n<li>die Nicht\u00fcbereinstimmung der Waren mit dem Vertrag besteht trotz der Tatsache, dass der Verk\u00e4ufer eine Reparatur vorgenommen oder die Waren ausgetauscht hat;<\/li>\n<li>die Nicht\u00fcbereinstimmung der Waren mit dem Vertrag ist bedeutend und begr\u00fcndet eine sofortige Preisreduktion oder die Vertragsk\u00fcndigung;<\/li>\n<li>die Erkl\u00e4rung des Verk\u00e4ufers oder die Bedingungen des Verkaufs und der Bearbeitung der Beschwerde deuten darauf hin, dass die Wirkung des Verk\u00e4ufers nicht zur \u00dcbereinstimmung der Waren mit dem Vertrag innerhalb einer vern\u00fcnftigen Seit oder ohne \u00fcberm\u00e4\u00dfige Kosten f\u00fcr den Verbrauchen f\u00fchren werden.<\/li>\n<\/ul>\n<\/li>\n<li>Die R\u00fcckzahlung der nach Recht auf Preisreduktion f\u00e4lligen Betr\u00e4ge erfolgt nicht sp\u00e4ter als innerhalb von 14 Tagen ab Tag des Empfangs der Verbrauchererkl\u00e4rung \u00fcber die Preisreduktion<strong>.<\/strong><\/li>\n<\/ul>\n<p><strong>Hinweis!<\/strong> Bei K\u00fcndigung des Verkaufsvertrags schickt der Verbraucher die Waren sofort an den Verk\u00e4ufer auf eigene Kosten.<\/p>\n<p><strong>Beachten Sie!<\/strong> Sie m\u00fcssen fotografische Dokumentation der Waren, die Gegenstand der Beschwerde sind, an die E-Mail-Adresse von Mexpo liefern, damit die Beschwerde ohne R\u00fccksendung der Waren bearbeitet werden kann.<\/p>\n<ul>\n<li>Die Beschwerdeerkl\u00e4rung muss Daten des Kunden umfassen, die eine Antwort auf die Beschwerde erm\u00f6glichen, die Bestellnummer (oder sonstige Daten, die die Beschwerde erkennen lassen) sowie eine Beschreibung eines die Beschwerde begr\u00fcndenden Ereignisses, mit Angabe des in Meinung des Kunden die Waren belastenden Fehlers sowie \u2013 wenn m\u00f6glich \u2013 eine Beschreibung des vermeintlichen Fehlers, das Datum des Vorkommens des Fehlers, die Beschreibung des ersuchten Modus der Herstellung der Konformit\u00e4t der Waren mit dem Vertrag sowie Kontaktdaten des Schreibenden. Nichtangabe einiger Daten beeinflusst die Wirksamkeit der Beschwerde nicht, k\u00f6nnte aber das Verfahren beschleunigen oder hemmen, z. B. wenn Kontaktdaten oder die Bestellnummer fehlen.<\/li>\n<li>Wir beantworten jede Beschwerde innerhalb von 14 Tagen ab \u00dcbersendung.<\/li>\n<\/ul>\n<p style=\"text-align: center;\"><strong>BESTIMMUNGEN \u00dcBER KUNDEN, DIE KEINE VERBRAUCHER SIND<\/strong><\/p>\n<p>Kunden, die keine Verbraucher sind, unterliegen anderen Bestimmungen.<\/p>\n<ul>\n<li>Der Verk\u00e4ufer benachrichtigt den Unternehmer \u00fcber m\u00f6gliche Anzeichen von Abnutzung, Fehler der Waren. Alle Waren sind korrekt beschrieben.<\/li>\n<li><strong>Die gesetzliche Garantie f\u00fcr die Waren seitens des Verk\u00e4ufers is f\u00fcr kunden, die keine Verbraucher sind, ausgeschlossen<\/strong>.<\/li>\n<li>Der Verk\u00e4ufer haftet f\u00fcr Nichterf\u00fcllung des Vertrags, oder f\u00fcr fehlerhafte Erf\u00fcllung nur, wenn dies vors\u00e4tzlich gemacht wird.<\/li>\n<li>Soll ein Produkt an einen Kunden, der kein Verbraucher ist, geschickt werden \u2013 und zwar durch einen Transportdienstleister \u2013 so soll der Kunde, der kein Verbraucher ist, die Sendung sofort zu pr\u00fcfen, wobei zehn Tage ab Abholdatum der bestellten Waren eine vern\u00fcnftige, zur Verf\u00fcgung gestellte Zeit f\u00fcr die Pr\u00fcfung des Transports angesetzt werden.<\/li>\n<li>Der Verk\u00e4ufer kann eine Garantie f\u00fcr die Waren geben. Garantiedaten sind durch die AGB umfasst.<\/li>\n<\/ul>\n<p>Aktualisierung: 09.03.2026<\/p>\n<p>[\/vc_column_text][\/vc_column][\/vc_row]<\/p>\n<\/div>","protected":false},"excerpt":{"rendered":"<p>[vc_row row_padding_bottom=&#8221;30&#8243;][vc_column][vc_column_text css=&#8221;&#8221;] ALLGEMEINE VERKAUFSBEDINGUNGEN \u2013 EIN FRAGMENT AUS DEN AGB Die ALLGEMEINEN VERKAUFSBEDINGUNGEN stellen einen Auszug (eine Sammlung) wichtiger Daten und Bestimmungen der AGB der Online-Stores des Unternehmens Mexpo<\/p>\n","protected":false},"author":1,"featured_media":0,"parent":0,"menu_order":0,"comment_status":"closed","ping_status":"closed","template":"","meta":{"_acf_changed":false,"footnotes":""},"class_list":["post-14772","page","type-page","status-publish","hentry"],"acf":[],"_links":{"self":[{"href":"https:\/\/mexpo.eu\/de\/wp-json\/wp\/v2\/pages\/14772","targetHints":{"allow":["GET"]}}],"collection":[{"href":"https:\/\/mexpo.eu\/de\/wp-json\/wp\/v2\/pages"}],"about":[{"href":"https:\/\/mexpo.eu\/de\/wp-json\/wp\/v2\/types\/page"}],"author":[{"embeddable":true,"href":"https:\/\/mexpo.eu\/de\/wp-json\/wp\/v2\/users\/1"}],"replies":[{"embeddable":true,"href":"https:\/\/mexpo.eu\/de\/wp-json\/wp\/v2\/comments?post=14772"}],"version-history":[{"count":4,"href":"https:\/\/mexpo.eu\/de\/wp-json\/wp\/v2\/pages\/14772\/revisions"}],"predecessor-version":[{"id":68396,"href":"https:\/\/mexpo.eu\/de\/wp-json\/wp\/v2\/pages\/14772\/revisions\/68396"}],"wp:attachment":[{"href":"https:\/\/mexpo.eu\/de\/wp-json\/wp\/v2\/media?parent=14772"}],"curies":[{"name":"wp","href":"https:\/\/api.w.org\/{rel}","templated":true}]}}